{"id":74095,"date":"2025-05-28T13:06:55","date_gmt":"2025-05-28T13:06:55","guid":{"rendered":"https:\/\/www.sommerrohouse.com\/conde-nast-traveller-readers-choice-awards\/"},"modified":"2025-05-28T13:12:28","modified_gmt":"2025-05-28T13:12:28","slug":"conde-nast-traveller-readers-choice-awards","status":"publish","type":"page","link":"https:\/\/www.sommerrohouse.com\/en\/conde-nast-traveller-readers-choice-awards\/","title":{"rendered":"Cond\u00e9 Nast Traveller Readers&#8217; Choice Awards"},"content":{"rendered":"<div class=\"featured-block featured-block--page featured-block--74095 \">\n\t\t\t\t\t\t\t\t\t\t<div class=\"swiper-container swiper-container--featured fn-slider\" data-type=\"featured\">\n\t\t\t<div class=\"swiper-wrapper\">\n\t\t\t\t\t\t\t\t\t\t<div class=\"swiper-slide\" data-color=\"{\n\t\t\t\t&quot;accent&quot; : &quot;#E58848&quot;,\n\t\t\t\t&quot;accent_active&quot; : &quot;#E58848&quot;,\n\t\t\t\t&quot;background&quot; : &quot;#351313&quot;,\n\t\t\t\t&quot;font&quot; : &quot;#FFFFFF&quot;,\n\t\t\t\t&quot;topbar&quot; : &quot;#220707&quot;,\n\t\t\t\t&quot;topbar_accent&quot; : &quot;#E58848&quot;,\n\t\t\t\t&quot;button_background_color&quot; : &quot;#E58848&quot;,\n\t\t\t\t&quot;button_color&quot; : &quot;#351313&quot;,\n\t\t\t\t&quot;page_accent&quot; : &quot;#E58848&quot;,\n\t\t\t\t&quot;complemented_color&quot; : &quot;#E58848&quot;,\n\t\t\t\t&quot;logo_color&quot; : &quot;#E58848&quot;,\n\t\t\t\t&quot;invert_logo_color&quot; : &quot;#E58848&quot;,\n\t\t\t\t&quot;nav_init&quot; : &quot;#FFFFFF&quot;,\n\t\t\t\t&quot;nav_scrolled&quot; : &quot;#FFFFFF&quot;,\n\t\t\t\t&quot;header_init&quot; : &quot;transparent&quot;,\n\t\t\t\t&quot;header_scrolled&quot; : &quot;#351313&quot;,\n\t\t\t\t&quot;button_readmore&quot; : &quot;#351313&quot;\n\t\t\t}\">\n\t\t\t\t\t<div class=\"featured-block__item\">\n\t\t\t\t\t\t\t\t\t\t\t\t\t\t\t\t\t\t\t\t\t\t\t\t\t\t\t\t<div\n\t\t\t\t\t\t\t\tclass=\"featured-block__item__image\"\n\t\t\t\t\t\t\t\tstyle=\"background-image: url(https:\/\/www.sommerrohouse.com\/wp-content\/uploads\/2025\/05\/1.png);background-position:50% 50%;\"><\/div>\n\t\t\t\t\t\t\t\t\t\t\t\t\t\t\t\t\t\t\t\t\t\t\t\t\t\t\t\t\t\t\t\t<div class=\"featured-block__item__overlay\"><\/div>\n\t\t\t\t\t\t\t\t\t\t\t\t<div class=\"featured-block__item--wrapper\">\n\t\t\t\t\t\t\t\t\t\t\t\t\t\t\t<div class=\"featured-block__item__content featured-block__item__content--page  center\" style=\"justify-content: center;\">\n\n\t\t\t\t\t\t\t\t<div class=\"featured-block__item__content__header featured-block__item__content--text-center  featured-block__item__content__header--no-icon\"\n\t\t\t\t\t\t\t\t>\n\t\t\t\t\t\t\t\t\t\t\t\t\t\t\t\t\t\t\t\t\t\t\t\t\t\t\t\t\t\t<h1><\/h1>\n\t\t\t\t\t\t\t\t\t\t\t\t\t\t\t\t\t\t\t\t\t\t\t\t\t\t\t<\/div>\n\n\n\t\t\t\t\t\t\t\t\t\n\t\t\t\t\t\t\t\t\t\t\t\t\t\t\t\t\t\t\n\t\t\t\t\t\t\t\t\t\n\t\t\t\t\t\t\t\t\t\n\t\t\t\t\t\t\t\t\t\n\t\t\t\t\t\t\t\t\t\n\t\t\t\t\t\t\t\t\t\n\t\t\t\t\t\t\t\t\t\t\t\t\t\t\t\t\t\t\t\n\t\t\t\t\t\t\t\t<\/div>\n\t\t\t\t\t\t\t\t\t\t\t\t\t<\/div>\n\t\t\t\t\t<\/div>\n\n\t\t\t\t<\/div>\n\t\t\t\t\t\t<\/div>\n\t\t<\/div>\n\n\t\t\t\n\t\n\t\n<\/div>\n\n<style id=\"fn-dynamic-style\">\n  :root {\n  }\n<\/style>\n\n\n\n<div class=\"wp-block-group\"><div class=\"wp-block-group__inner-container is-layout-constrained wp-block-group-is-layout-constrained\">\n<div class=\"wp-block-columns is-layout-flex wp-container-core-columns-is-layout-9d6595d7 wp-block-columns-is-layout-flex\">\n<div class=\"wp-block-column is-layout-flow wp-block-column-is-layout-flow\">\n<h2 class=\"wp-block-heading has-text-align-center\">We need your vote!<\/h2>\n\n\n\n<div style=\"height:28px\" aria-hidden=\"true\" class=\"wp-block-spacer\"><\/div>\n\n\n\n<div class=\"wp-block-columns is-layout-flex wp-container-core-columns-is-layout-9d6595d7 wp-block-columns-is-layout-flex\">\n<div class=\"wp-block-column is-layout-flow wp-block-column-is-layout-flow\" style=\"flex-basis:25%\"><\/div>\n\n\n\n<div class=\"wp-block-column is-layout-flow wp-block-column-is-layout-flow\" style=\"flex-basis:50%\">\n<h3 class=\"wp-block-heading has-text-align-center\">Cond\u00e9 Nast Traveller<br>Readers&#8217; Choice Awards 2025<\/h3>\n\n\n\n<div style=\"height:24px\" aria-hidden=\"true\" class=\"wp-block-spacer\"><\/div>\n\n\n\n<p class=\"has-text-align-center\">Voting is open for the Cond\u00e9 Nast Readers&#8217; Choice Awards!&nbsp;<br data-start=\"123\" data-end=\"126\">Want to show your love for Sommerro? It would make our day!&nbsp;<br data-start=\"188\" data-end=\"191\">Just click below, search for Sommerro, and follow the steps \u2013 it&#8217;s super easy!<\/p>\n\n\n\n<p class=\"has-text-align-center\">Thank you for helping us be better.<\/p>\n<\/div>\n\n\n\n<div class=\"wp-block-column is-layout-flow wp-block-column-is-layout-flow\" style=\"flex-basis:25%\"><\/div>\n<\/div>\n\n\n\n<p class=\"has-text-align-center\"><\/p>\n\n\n<div class=\"button-block button-block--center\">\n\t\t<a \t\t\ttarget=\"_blank\"\n\t\t href=\"https:\/\/condenast-interactive.typeform.com\/to\/YO7FMWps?typeform-source=www.cntraveler.com\" class=\"btn btn--default\">VOTE NOW<\/a>\n\t<\/div>\n<\/div>\n<\/div>\n<\/div><\/div>\n\n\n<div class=\"gallery-block gallery-block--size-large\">\n\t\t\t\t<div class=\"gallery-block__items \">\n\t\t\t<div class=\"swiper-container fn-gallery \"\n\t\t\t\n\t\t\tdata-slidesPerView=\"auto\"\n\t\t\tdata-overflowOffset=\"true\"\n\t\t\tdata-arrows=\"1\"\n\t\t\tdata-velocity=\"sluggish\"\n\t\t\tdata-small-device-slider-mode=\"device-default\">\n\t\t\t\t<div class=\"swiper-wrapper \" itemscope itemtype=\"http:\/\/schema.org\/ImageGallery\">\n\t\t\t\t\t\t\t\t\t\t\t\t\t\t\t\t\t\t\t\t\t\t\t\t<div class=\"swiper-slide  \">\n\t\t\t\t\t\t\t\t<div class=\"gallery-block__items__item\">\n\t\t\t\t\t\t\t\t\t\t<a href=\"https:\/\/www.sommerrohouse.com\/en\/dsc03642\/\" target=\"_self\">\n\t\t\t\t\t\t\t\t\t\t\t<img\n\t\t\t\t\t\t\t\t\t\t\tclass=\"gallery-block__items__item__image \"\n\t\t\t\t\t\t\t\t\t\t\tsrc=\"https:\/\/www.sommerrohouse.com\/wp-content\/uploads\/2025\/03\/DSC03642-753x1130.jpg\"\n\t\t\t\t\t\t\t\t\t\t\talt=\"\"\n\t\t\t\t\t\t\t\t\t\t\twidth=\"376.5\"\n\t\t\t\t\t\t\t\t\t\t\theight=\"565\"\n\t\t\t\t\t\t\t\t\t\t\tloading=\"lazy\">\n\t\t\t\t\t\t\t\t\t\t<\/a>\n\t\t\t\t\t\t\t\t<\/div>\n\t\t\t\t\t\t\t<\/div>\n\t\t\t\t\t\t\t\t\t\t\t\t\t\t\t\t\t\t\t\t\t\t\t\t\t\t\t\t\t\t<div class=\"swiper-slide  \">\n\t\t\t\t\t\t\t\t<div class=\"gallery-block__items__item\">\n\t\t\t\t\t\t\t\t\t\t<a href=\"https:\/\/www.sommerrohouse.com\/en\/overnatting\/francisco-nogueira-suite26\/\" target=\"_self\">\n\t\t\t\t\t\t\t\t\t\t\t<img\n\t\t\t\t\t\t\t\t\t\t\tclass=\"gallery-block__items__item__image \"\n\t\t\t\t\t\t\t\t\t\t\tsrc=\"https:\/\/www.sommerrohouse.com\/wp-content\/uploads\/2023\/03\/Francisco-Nogueira-Suite26-1695x1130.jpg\"\n\t\t\t\t\t\t\t\t\t\t\talt=\"\"\n\t\t\t\t\t\t\t\t\t\t\twidth=\"847.5\"\n\t\t\t\t\t\t\t\t\t\t\theight=\"565\"\n\t\t\t\t\t\t\t\t\t\t\tloading=\"lazy\">\n\t\t\t\t\t\t\t\t\t\t<\/a>\n\t\t\t\t\t\t\t\t<\/div>\n\t\t\t\t\t\t\t<\/div>\n\t\t\t\t\t\t\t\t\t\t\t\t\t\t\t\t\t\t\t\t\t\t\t\t\t\t\t\t\t\t<div class=\"swiper-slide  \">\n\t\t\t\t\t\t\t\t<div class=\"gallery-block__items__item\">\n\t\t\t\t\t\t\t\t\t\t<a href=\"https:\/\/www.sommerrohouse.com\/en\/dsc03584\/\" target=\"_self\">\n\t\t\t\t\t\t\t\t\t\t\t<img\n\t\t\t\t\t\t\t\t\t\t\tclass=\"gallery-block__items__item__image \"\n\t\t\t\t\t\t\t\t\t\t\tsrc=\"https:\/\/www.sommerrohouse.com\/wp-content\/uploads\/2025\/03\/DSC03584-753x1130.jpg\"\n\t\t\t\t\t\t\t\t\t\t\talt=\"\"\n\t\t\t\t\t\t\t\t\t\t\twidth=\"376.5\"\n\t\t\t\t\t\t\t\t\t\t\theight=\"565\"\n\t\t\t\t\t\t\t\t\t\t\tloading=\"lazy\">\n\t\t\t\t\t\t\t\t\t\t<\/a>\n\t\t\t\t\t\t\t\t<\/div>\n\t\t\t\t\t\t\t<\/div>\n\t\t\t\t\t\t\t\t\t\t\t\t\t\t\t\t\t\t\t\t\t\t\t\t\t\t\t\t\t\t<div class=\"swiper-slide  \">\n\t\t\t\t\t\t\t\t<div class=\"gallery-block__items__item\">\n\t\t\t\t\t\t\t\t\t\t<a href=\"https:\/\/www.sommerrohouse.com\/en\/?attachment_id=52099\" target=\"_self\">\n\t\t\t\t\t\t\t\t\t\t\t<img\n\t\t\t\t\t\t\t\t\t\t\tclass=\"gallery-block__items__item__image \"\n\t\t\t\t\t\t\t\t\t\t\tsrc=\"https:\/\/www.sommerrohouse.com\/wp-content\/uploads\/2023\/09\/Somm_Rom_260822_0010-754x1130.jpg\"\n\t\t\t\t\t\t\t\t\t\t\talt=\"\"\n\t\t\t\t\t\t\t\t\t\t\twidth=\"377\"\n\t\t\t\t\t\t\t\t\t\t\theight=\"565\"\n\t\t\t\t\t\t\t\t\t\t\tloading=\"lazy\">\n\t\t\t\t\t\t\t\t\t\t<\/a>\n\t\t\t\t\t\t\t\t<\/div>\n\t\t\t\t\t\t\t<\/div>\n\t\t\t\t\t\t\t\t\t\t\t\t\t\t\t\t\t\t\t\t\t\t\t\t\t\t\t\t\t\t<div class=\"swiper-slide  \">\n\t\t\t\t\t\t\t\t<div class=\"gallery-block__items__item\">\n\t\t\t\t\t\t\t\t\t\t<a href=\"https:\/\/www.sommerrohouse.com\/en\/meetings\/kinoen\/francisco-nogueira-cinema-2\/\" target=\"_self\">\n\t\t\t\t\t\t\t\t\t\t\t<img\n\t\t\t\t\t\t\t\t\t\t\tclass=\"gallery-block__items__item__image \"\n\t\t\t\t\t\t\t\t\t\t\tsrc=\"https:\/\/www.sommerrohouse.com\/wp-content\/uploads\/2021\/05\/Francisco-Nogueira-Cinema-1695x1130.jpg\"\n\t\t\t\t\t\t\t\t\t\t\talt=\"\"\n\t\t\t\t\t\t\t\t\t\t\twidth=\"847.5\"\n\t\t\t\t\t\t\t\t\t\t\theight=\"565\"\n\t\t\t\t\t\t\t\t\t\t\tloading=\"lazy\">\n\t\t\t\t\t\t\t\t\t\t<\/a>\n\t\t\t\t\t\t\t\t<\/div>\n\t\t\t\t\t\t\t<\/div>\n\t\t\t\t\t\t\t\t\t\t\t\t\t\t\t\t\t\t\t\t\t\t\t\t\t\t\t\t\t\t<div class=\"swiper-slide  \">\n\t\t\t\t\t\t\t\t<div class=\"gallery-block__items__item\">\n\t\t\t\t\t\t\t\t\t\t<a href=\"https:\/\/www.sommerrohouse.com\/en\/izakaya-ute\/\" target=\"_self\">\n\t\t\t\t\t\t\t\t\t\t\t<img\n\t\t\t\t\t\t\t\t\t\t\tclass=\"gallery-block__items__item__image \"\n\t\t\t\t\t\t\t\t\t\t\tsrc=\"https:\/\/www.sommerrohouse.com\/wp-content\/uploads\/2024\/02\/Skjermbilde-2023-07-03-kl.-15.21.27-edited-1130x1130.png\"\n\t\t\t\t\t\t\t\t\t\t\talt=\"Izakaya ute\"\n\t\t\t\t\t\t\t\t\t\t\twidth=\"565\"\n\t\t\t\t\t\t\t\t\t\t\theight=\"565\"\n\t\t\t\t\t\t\t\t\t\t\tloading=\"lazy\">\n\t\t\t\t\t\t\t\t\t\t<\/a>\n\t\t\t\t\t\t\t\t<\/div>\n\t\t\t\t\t\t\t<\/div>\n\t\t\t\t\t\t\t\t\t\t\t\t\t\t\t\t\t\t\t\t\t\t\t\t\t\t\t\t\t\t<div class=\"swiper-slide  \">\n\t\t\t\t\t\t\t\t<div class=\"gallery-block__items__item\">\n\t\t\t\t\t\t\t\t\t\t<a href=\"https:\/\/www.sommerrohouse.com\/en\/rooms\/juniorsuite\/juniorsuite_sommerrofn0412\/\" target=\"_self\">\n\t\t\t\t\t\t\t\t\t\t\t<img\n\t\t\t\t\t\t\t\t\t\t\tclass=\"gallery-block__items__item__image \"\n\t\t\t\t\t\t\t\t\t\t\tsrc=\"https:\/\/www.sommerrohouse.com\/wp-content\/uploads\/2021\/03\/JuniorSuite_SommerroFN0412.jpg\"\n\t\t\t\t\t\t\t\t\t\t\talt=\"\"\n\t\t\t\t\t\t\t\t\t\t\twidth=\"600\"\n\t\t\t\t\t\t\t\t\t\t\theight=\"400\"\n\t\t\t\t\t\t\t\t\t\t\tloading=\"lazy\">\n\t\t\t\t\t\t\t\t\t\t<\/a>\n\t\t\t\t\t\t\t\t<\/div>\n\t\t\t\t\t\t\t<\/div>\n\t\t\t\t\t\t\t\t\t\t\t\t\t\t\t\t\t\t\t\t\t\t\t\t\t\t\t\t\t\t<div class=\"swiper-slide  \">\n\t\t\t\t\t\t\t\t<div class=\"gallery-block__items__item\">\n\t\t\t\t\t\t\t\t\t\t<a href=\"https:\/\/www.sommerrohouse.com\/en\/packages\/sommerro-staycation\/sommerro_09\/\" target=\"_self\">\n\t\t\t\t\t\t\t\t\t\t\t<img\n\t\t\t\t\t\t\t\t\t\t\tclass=\"gallery-block__items__item__image \"\n\t\t\t\t\t\t\t\t\t\t\tsrc=\"https:\/\/www.sommerrohouse.com\/wp-content\/uploads\/2023\/02\/Sommerro_09-754x1130.jpg\"\n\t\t\t\t\t\t\t\t\t\t\talt=\"\"\n\t\t\t\t\t\t\t\t\t\t\twidth=\"377\"\n\t\t\t\t\t\t\t\t\t\t\theight=\"565\"\n\t\t\t\t\t\t\t\t\t\t\tloading=\"lazy\">\n\t\t\t\t\t\t\t\t\t\t<\/a>\n\t\t\t\t\t\t\t\t<\/div>\n\t\t\t\t\t\t\t<\/div>\n\t\t\t\t\t\t\t\t\t\t\t\t\t\t\t<\/div>\n\t\t\t\t<div class=\"swiper-pagination\"><\/div>\n\t\t\t\t<div class=\"swiper-button-prev\"><\/div>\n\t\t\t\t<div class=\"swiper-button-next\"><\/div>\n\t\t\t<\/div>\n\t\t<\/div>\n\t<\/div>\n\n\n\n<div class=\"wp-block-group\"><div class=\"wp-block-group__inner-container is-layout-constrained wp-block-group-is-layout-constrained\">\n<p><\/p>\n<\/div><\/div>\n","protected":false},"excerpt":{"rendered":"<p>We need your vote! Cond\u00e9 Nast TravellerReaders&#8217; Choice Awards 2025 Voting is open for the Cond\u00e9 Nast Readers&#8217; Choice Awards!&nbsp;Want to show your love for Sommerro? It would make our day!&nbsp;Just click below, search for Sommerro, and follow the steps \u2013 it&#8217;s super easy! Thank you for helping us be better.<\/p>\n","protected":false},"author":27,"featured_media":0,"parent":0,"menu_order":0,"comment_status":"closed","ping_status":"closed","template":"","meta":{"_acf_changed":false,"footnotes":""},"tags":[],"class_list":["post-74095","page","type-page","status-publish","hentry"],"acf":[],"yoast_head":"<!-- This site is optimized with the Yoast SEO plugin v27.3 - https:\/\/yoast.com\/product\/yoast-seo-wordpress\/ -->\n<title>Cond\u00e9 Nast Traveller Readers&#039; Choice Awards - Sommerro<\/title>\n<meta name=\"robots\" content=\"index, follow, max-snippet:-1, max-image-preview:large, max-video-preview:-1\" \/>\n<link rel=\"canonical\" href=\"https:\/\/www.sommerrohouse.com\/en\/conde-nast-traveller-readers-choice-awards\/\" \/>\n<meta property=\"og:locale\" content=\"en_US\" \/>\n<meta property=\"og:type\" content=\"article\" \/>\n<meta property=\"og:title\" content=\"Cond\u00e9 Nast Traveller Readers&#039; Choice Awards - Sommerro\" \/>\n<meta property=\"og:description\" content=\"We need your vote! Cond\u00e9 Nast TravellerReaders&#8217; Choice Awards 2025 Voting is open for the Cond\u00e9 Nast Readers&#8217; Choice Awards!&nbsp;Want to show your love for Sommerro? It would make our day!&nbsp;Just click below, search for Sommerro, and follow the steps \u2013 it&#8217;s super easy! Thank you for helping us be better.\" \/>\n<meta property=\"og:url\" content=\"https:\/\/www.sommerrohouse.com\/en\/conde-nast-traveller-readers-choice-awards\/\" \/>\n<meta property=\"og:site_name\" content=\"Sommerro\" \/>\n<meta property=\"article:modified_time\" content=\"2025-05-28T13:12:28+00:00\" \/>\n<meta name=\"twitter:card\" content=\"summary_large_image\" \/>\n<meta name=\"twitter:label1\" content=\"Est. reading time\" \/>\n\t<meta name=\"twitter:data1\" content=\"1 minute\" \/>\n<script type=\"application\/ld+json\" class=\"yoast-schema-graph\">{\"@context\":\"https:\\\/\\\/schema.org\",\"@graph\":[{\"@type\":\"WebPage\",\"@id\":\"https:\\\/\\\/www.sommerrohouse.com\\\/en\\\/conde-nast-traveller-readers-choice-awards\\\/\",\"url\":\"https:\\\/\\\/www.sommerrohouse.com\\\/en\\\/conde-nast-traveller-readers-choice-awards\\\/\",\"name\":\"Cond\u00e9 Nast Traveller Readers' Choice Awards - Sommerro\",\"isPartOf\":{\"@id\":\"https:\\\/\\\/www.sommerrohouse.com\\\/#website\"},\"datePublished\":\"2025-05-28T13:06:55+00:00\",\"dateModified\":\"2025-05-28T13:12:28+00:00\",\"breadcrumb\":{\"@id\":\"https:\\\/\\\/www.sommerrohouse.com\\\/en\\\/conde-nast-traveller-readers-choice-awards\\\/#breadcrumb\"},\"inLanguage\":\"en-US\",\"potentialAction\":[{\"@type\":\"ReadAction\",\"target\":[\"https:\\\/\\\/www.sommerrohouse.com\\\/en\\\/conde-nast-traveller-readers-choice-awards\\\/\"]}]},{\"@type\":\"BreadcrumbList\",\"@id\":\"https:\\\/\\\/www.sommerrohouse.com\\\/en\\\/conde-nast-traveller-readers-choice-awards\\\/#breadcrumb\",\"itemListElement\":[{\"@type\":\"ListItem\",\"position\":1,\"name\":\"Home\",\"item\":\"https:\\\/\\\/www.sommerrohouse.com\\\/en\\\/\"},{\"@type\":\"ListItem\",\"position\":2,\"name\":\"Cond\u00e9 Nast Traveller Readers&#8217; Choice Awards\"}]},{\"@type\":\"WebSite\",\"@id\":\"https:\\\/\\\/www.sommerrohouse.com\\\/#website\",\"url\":\"https:\\\/\\\/www.sommerrohouse.com\\\/\",\"name\":\"Sommerro\",\"description\":\"Welcome to Sommerro\",\"potentialAction\":[{\"@type\":\"SearchAction\",\"target\":{\"@type\":\"EntryPoint\",\"urlTemplate\":\"https:\\\/\\\/www.sommerrohouse.com\\\/?s={search_term_string}\"},\"query-input\":{\"@type\":\"PropertyValueSpecification\",\"valueRequired\":true,\"valueName\":\"search_term_string\"}}],\"inLanguage\":\"en-US\"}]}<\/script>\n<!-- \/ Yoast SEO plugin. -->","yoast_head_json":{"title":"Cond\u00e9 Nast Traveller Readers' Choice Awards - Sommerro","robots":{"index":"index","follow":"follow","max-snippet":"max-snippet:-1","max-image-preview":"max-image-preview:large","max-video-preview":"max-video-preview:-1"},"canonical":"https:\/\/www.sommerrohouse.com\/en\/conde-nast-traveller-readers-choice-awards\/","og_locale":"en_US","og_type":"article","og_title":"Cond\u00e9 Nast Traveller Readers' Choice Awards - Sommerro","og_description":"We need your vote! Cond\u00e9 Nast TravellerReaders&#8217; Choice Awards 2025 Voting is open for the Cond\u00e9 Nast Readers&#8217; Choice Awards!&nbsp;Want to show your love for Sommerro? It would make our day!&nbsp;Just click below, search for Sommerro, and follow the steps \u2013 it&#8217;s super easy! Thank you for helping us be better.","og_url":"https:\/\/www.sommerrohouse.com\/en\/conde-nast-traveller-readers-choice-awards\/","og_site_name":"Sommerro","article_modified_time":"2025-05-28T13:12:28+00:00","twitter_card":"summary_large_image","twitter_misc":{"Est. reading time":"1 minute"},"schema":{"@context":"https:\/\/schema.org","@graph":[{"@type":"WebPage","@id":"https:\/\/www.sommerrohouse.com\/en\/conde-nast-traveller-readers-choice-awards\/","url":"https:\/\/www.sommerrohouse.com\/en\/conde-nast-traveller-readers-choice-awards\/","name":"Cond\u00e9 Nast Traveller Readers' Choice Awards - Sommerro","isPartOf":{"@id":"https:\/\/www.sommerrohouse.com\/#website"},"datePublished":"2025-05-28T13:06:55+00:00","dateModified":"2025-05-28T13:12:28+00:00","breadcrumb":{"@id":"https:\/\/www.sommerrohouse.com\/en\/conde-nast-traveller-readers-choice-awards\/#breadcrumb"},"inLanguage":"en-US","potentialAction":[{"@type":"ReadAction","target":["https:\/\/www.sommerrohouse.com\/en\/conde-nast-traveller-readers-choice-awards\/"]}]},{"@type":"BreadcrumbList","@id":"https:\/\/www.sommerrohouse.com\/en\/conde-nast-traveller-readers-choice-awards\/#breadcrumb","itemListElement":[{"@type":"ListItem","position":1,"name":"Home","item":"https:\/\/www.sommerrohouse.com\/en\/"},{"@type":"ListItem","position":2,"name":"Cond\u00e9 Nast Traveller Readers&#8217; Choice Awards"}]},{"@type":"WebSite","@id":"https:\/\/www.sommerrohouse.com\/#website","url":"https:\/\/www.sommerrohouse.com\/","name":"Sommerro","description":"Welcome to Sommerro","potentialAction":[{"@type":"SearchAction","target":{"@type":"EntryPoint","urlTemplate":"https:\/\/www.sommerrohouse.com\/?s={search_term_string}"},"query-input":{"@type":"PropertyValueSpecification","valueRequired":true,"valueName":"search_term_string"}}],"inLanguage":"en-US"}]}},"publishpress_future_workflow_manual_trigger":{"enabledWorkflows":[]},"_links":{"self":[{"href":"https:\/\/www.sommerrohouse.com\/en\/wp-json\/wp\/v2\/pages\/74095","targetHints":{"allow":["GET"]}}],"collection":[{"href":"https:\/\/www.sommerrohouse.com\/en\/wp-json\/wp\/v2\/pages"}],"about":[{"href":"https:\/\/www.sommerrohouse.com\/en\/wp-json\/wp\/v2\/types\/page"}],"author":[{"embeddable":true,"href":"https:\/\/www.sommerrohouse.com\/en\/wp-json\/wp\/v2\/users\/27"}],"replies":[{"embeddable":true,"href":"https:\/\/www.sommerrohouse.com\/en\/wp-json\/wp\/v2\/comments?post=74095"}],"version-history":[{"count":4,"href":"https:\/\/www.sommerrohouse.com\/en\/wp-json\/wp\/v2\/pages\/74095\/revisions"}],"predecessor-version":[{"id":74111,"href":"https:\/\/www.sommerrohouse.com\/en\/wp-json\/wp\/v2\/pages\/74095\/revisions\/74111"}],"wp:attachment":[{"href":"https:\/\/www.sommerrohouse.com\/en\/wp-json\/wp\/v2\/media?parent=74095"}],"wp:term":[{"taxonomy":"post_tag","embeddable":true,"href":"https:\/\/www.sommerrohouse.com\/en\/wp-json\/wp\/v2\/tags?post=74095"}],"curies":[{"name":"wp","href":"https:\/\/api.w.org\/{rel}","templated":true}]}}