{"id":42085,"date":"2023-03-16T14:55:31","date_gmt":"2023-03-16T14:55:31","guid":{"rendered":"https:\/\/www.sommerrohouse.com\/?page_id=42085"},"modified":"2023-04-13T07:57:16","modified_gmt":"2023-04-13T07:57:16","slug":"betingelser-for-booking-villa","status":"publish","type":"page","link":"https:\/\/www.sommerrohouse.com\/en\/betingelser-for-booking-villa\/","title":{"rendered":"TERMS &#038; CONDITIONS"},"content":{"rendered":"<div class=\"villa-inkognito-hero checked-decor\">\n\t\n\t<div class=\"villa-illustration\">\n\t\t\t<\/div>\n\n\t\t\t<div class=\"villa-inkognito-hero__box\">\n\t\t\t<h1>Villa Inkognito<\/h1>\n\t\t<\/div>\n\t\n\t\t\t<div class=\"villa-inkognito-hero__box\">\n\t\t\t<p>Terms &#038; Conditions<\/p>\n\t\t<\/div>\n\t\t\n\n<\/div>\n\n\n<div class=\"wp-block-group\"><div class=\"wp-block-group__inner-container is-layout-flow wp-block-group-is-layout-flow\">\n<p>Rom &amp; frokost, ikke forh\u00e5ndsbetalt<\/p>\n\n\n\n<ul class=\"wp-block-list\">\n<li>Kan fritt endres eller kanselleres frem til 48 timer f\u00f8r ankomstdagen<\/li>\n<\/ul>\n\n\n\n<p>Rom &amp; frokost, forh\u00e5ndsbetalte reservasjoner<\/p>\n\n\n\n<ul class=\"wp-block-list\">\n<li>Datoendring kan gj\u00f8res frem til 48 timer f\u00f8r ankomstdagen, merk at prisdifferanse for ny dato kan forekomme.&nbsp;<\/li>\n\n\n\n<li>Forh\u00e5ndsbetalt bel\u00f8p vil ikke bli refundert ved eventuell kansellering, unntak er dersom kansellering skjer innen 4 timer etter at reservasjon er utf\u00f8rt.&nbsp;<\/li>\n<\/ul>\n\n\n\n<p>Pakker<\/p>\n\n\n\n<ul class=\"wp-block-list\">\n<li>Datoendring kan gj\u00f8res frem til 48 timer f\u00f8r ankomstdagen, merk at prisdifferanse for ny dato kan forekomme<\/li>\n\n\n\n<li>Forh\u00e5ndsbetalt bel\u00f8p vil ikke bli refundert ved eventuell kansellering, unntak er dersom kansellering skjer innen 4 timer etter at reservasjon er utf\u00f8rt eller ved kj\u00f8p av avbestillingsforsikring.&nbsp;<\/li>\n<\/ul>\n\n\n\n<p>Velv\u00e6rebehandlinger<\/p>\n\n\n\n<ul class=\"wp-block-list\">\n<li>Behandlinger og aktiviteter i Vestkantbadet &amp; Vestkantbadet Gym kan kanselleres frem til 24 timer f\u00f8r oppsatt avtale.&nbsp;<\/li>\n<\/ul>\n\n\n\n<p>No Show \/ manglende oppm\u00f8te<\/p>\n\n\n\n<ul class=\"wp-block-list\">\n<li>Alle reservasjoner som ikke er avbestilt innen oppsatt frist, eller ved no show\/manglende oppm\u00f8te, vil bli belastet. Gjelder i alle husets avdelinger dersom ikke annet er avtalt.<\/li>\n<\/ul>\n\n\n\n<p>Det er 20-\u00e5rs aldersgrense for \u00e5 booke rom p\u00e5 Villa Inkognito.<\/p>\n\n\n\n<p><strong>GENERELLE AVTALEVILK\u00c5R<\/strong><\/p>\n\n\n\n<p><strong>Bestilling<\/strong><\/p>\n\n\n\n<p>Antall personer, pris, losji, samt \u00f8vrige produkter og tjenester som skal leveres av hotellet framg\u00e5r av bekreftelsen.<\/p>\n\n\n\n<p><strong>Prisavtalens gyldighet<\/strong><\/p>\n\n\n\n<p>De avtalte priser er bindende for begge parter, hotellet forbeholder seg imidlertid retten til \u00e5 justere prisene som f\u00f8lge av endrede kostnader ved \u00f8kte skatter og avgifter, eller andre forhold utenfor hotellets kontroll.<\/p>\n\n\n\n<p><strong>Garanti<\/strong><\/p>\n\n\n\n<p>Reservasjonen garanteres gjennom et firma, eller med kredittkort. Hotellet reserverer seg rettigheten til \u00e5 sp\u00f8rre om depositum.&nbsp;<\/p>\n\n\n\n<p><strong>Betaling<\/strong><\/p>\n\n\n\n<p>Autorisasjon tas ved innsjekk for avtalt pris. Autorisasjonen vil bli belastet ved utsjekk og bel\u00f8p utover betales direkte p\u00e5 hotellet.&nbsp;<\/p>\n\n\n\n<p><strong>Fakturering<\/strong><\/p>\n\n\n\n<p>Fakturering m\u00e5 avtales og godkjennes senest kl 12.00 p\u00e5 ankomstdagen hverdager eller f\u00f8r helg kl 15.00, foresp\u00f8rsel om faktura m\u00e5 sendes skriftlig p\u00e5 epost til <a href=\"mailto:stay@villainkognito.com\">stay@villainkognito.com<\/a>. Vi forbeholder oss retten til \u00e5 utf\u00f8re kredittsjekk av firma f\u00f8r fakturering godkjennes. Faktureringsgebyr kan tilkomme. Vi faktuerer ikke privatpersoner.&nbsp;<\/p>\n\n\n\n<p><strong>R\u00f8yking<\/strong><\/p>\n\n\n\n<p>Sommerro er et r\u00f8ykfritt hotell. I tilfelle der r\u00f8yking forekommer p\u00e5 v\u00e5re hotellrom vil det bli ilagt et gebyr. Ved r\u00f8yking i fellesomr\u00e5der forbeholder hotellet seg retten til \u00e5 ilegge gebyr eller be vedkommende forlate hotellet.&nbsp;<\/p>\n\n\n\n<p><strong>Ansvar for skade p\u00e5 eiendom eller uforsvarlig oppf\u00f8rsel<\/strong><\/p>\n\n\n\n<p>Bestiller av reservasjon st\u00e5r ansvarlig for skade p\u00e5 rom &amp; lokaler som f\u00f8lge av uaktsomhet eller uforsvarlig opptreden av gjesten(e). Det vil bli ilagt gebyr for oppst\u00e5tt skade. Hotellet forbeholder seg retten til \u00e5 be vedkommende forlate hotellet.&nbsp;<\/p>\n\n\n\n<p><strong>Force majeure<\/strong><\/p>\n\n\n\n<p>&nbsp;Hendelser utenfor avtalepartens kontroll \u2013 for eksempel streik, lockout, brann etc. som gj\u00f8r det umulig \u00e5 oppfylle forpliktelsene i denne avtale \u2013 gir rett til \u00e5 heve avtalen uten erstatningsansvar.<\/p>\n\n\n\n<p><strong>Innsjekk og utsjekk<\/strong><\/p>\n\n\n\n<p>Innsjekk er garantert fra klokken 15.00 p\u00e5 ankomstdagen.&nbsp;<\/p>\n\n\n\n<p>Utsjekk er klokken 12.00 avreisedagen for individuelle bookinger.&nbsp;<\/p>\n\n\n\n<p>Tidlig innsjekk eller sen utsjekk kan v\u00e6re tilgjengelig ved foresp\u00f8rsel, tillegg i pris kan forekomme.&nbsp;<\/p>\n\n\n\n<p><strong>Husordensreglene<\/strong><\/p>\n\n\n\n<p>Av sikkerhetsmessige \u00e5rsaker tillates kun gjester av Villa Inkognito \u00e5 v\u00e6re inne p\u00e5 eiendommen etter kl. 23:00. Hvis du \u00f8nsker \u00e5 invitere en gjest til rommet ditt, kan du gj\u00f8re det med forbehold om tilgjengelighet og med forh\u00e5ndsgodkjenning fra resepsjonen. Denne policyen er p\u00e5 plass for \u00e5 sikre privatlivet og komforten til alle gjestene v\u00e5re.<\/p>\n\n\n\n<p>Vi reserverer oss retten til \u00e5 nekte adgang til Villaen n\u00e5r som helst hvis disse vilk\u00e5rene ikke f\u00f8lges.<\/p>\n\n\n\n<p><strong>Verneting<\/strong><\/p>\n\n\n\n<p>Alle tvister som m\u00e5tte oppst\u00e5 mellom partene i denne avtalen eller p\u00e5 annet grunnlag eller mellom gjester og hotellet skal behandles etter norsk rett. Dersom ikke tvisten l\u00f8ses minnelighet skal hotellets eiendoms verneting gjelde.<\/p>\n\n\n\n<p><strong>Personvern<\/strong><\/p>\n\n\n\n<p>Villa Inkognito h\u00e5ndterer dine personopplysninger i ulike sammenhenger, som n\u00e5r du bestiller v\u00e5re tjenester, overnatter p\u00e5 v\u00e5re hoteller, eller bruker tjenester vi leverer.<\/p>\n\n\n\n<p><strong>Gjenglemte eiendeler<\/strong><\/p>\n\n\n\n<p>Gjenglemte eiendeler som blir funnet tas vare p\u00e5 i 3 m\u00e5neder.&nbsp;<\/p>\n\n\n\n<p>Gjest er selv ansvarlig for \u00e5 dekke kostnader i forbindelse med ettersending av gjenglemte eiendeler.&nbsp;<\/p>\n<\/div><\/div>\n","protected":false},"excerpt":{"rendered":"<p>Rom &amp; frokost, ikke forh\u00e5ndsbetalt Rom &amp; frokost, forh\u00e5ndsbetalte reservasjoner Pakker Velv\u00e6rebehandlinger No Show \/ manglende oppm\u00f8te Det er 20-\u00e5rs aldersgrense for \u00e5 booke rom p\u00e5 Villa Inkognito. GENERELLE AVTALEVILK\u00c5R Bestilling Antall personer, pris, losji, samt \u00f8vrige produkter og tjenester som skal leveres av hotellet framg\u00e5r av bekreftelsen. Prisavtalens gyldighet De avtalte priser er bindende&hellip;<\/p>\n","protected":false},"author":4,"featured_media":0,"parent":0,"menu_order":0,"comment_status":"closed","ping_status":"closed","template":"views\/template-inkognito.blade.php","meta":{"_acf_changed":false,"footnotes":""},"tags":[],"class_list":["post-42085","page","type-page","status-publish","hentry"],"acf":[],"yoast_head":"<!-- This site is optimized with the Yoast SEO plugin v27.3 - https:\/\/yoast.com\/product\/yoast-seo-wordpress\/ -->\n<title>TERMS &amp; CONDITIONS - Sommerro<\/title>\n<meta name=\"robots\" content=\"index, follow, max-snippet:-1, max-image-preview:large, max-video-preview:-1\" \/>\n<link rel=\"canonical\" href=\"https:\/\/www.sommerrohouse.com\/en\/betingelser-for-booking-villa\/\" \/>\n<meta property=\"og:locale\" content=\"en_US\" \/>\n<meta property=\"og:type\" content=\"article\" \/>\n<meta property=\"og:title\" content=\"TERMS &amp; CONDITIONS - Sommerro\" \/>\n<meta property=\"og:description\" content=\"Rom &amp; frokost, ikke forh\u00e5ndsbetalt Rom &amp; frokost, forh\u00e5ndsbetalte reservasjoner Pakker Velv\u00e6rebehandlinger No Show \/ manglende oppm\u00f8te Det er 20-\u00e5rs aldersgrense for \u00e5 booke rom p\u00e5 Villa Inkognito. GENERELLE AVTALEVILK\u00c5R Bestilling Antall personer, pris, losji, samt \u00f8vrige produkter og tjenester som skal leveres av hotellet framg\u00e5r av bekreftelsen. Prisavtalens gyldighet De avtalte priser er bindende&hellip;\" \/>\n<meta property=\"og:url\" content=\"https:\/\/www.sommerrohouse.com\/en\/betingelser-for-booking-villa\/\" \/>\n<meta property=\"og:site_name\" content=\"Sommerro\" \/>\n<meta property=\"article:modified_time\" content=\"2023-04-13T07:57:16+00:00\" \/>\n<meta name=\"twitter:card\" content=\"summary_large_image\" \/>\n<meta name=\"twitter:label1\" content=\"Est. reading time\" \/>\n\t<meta name=\"twitter:data1\" content=\"3 minutes\" \/>\n<script type=\"application\/ld+json\" class=\"yoast-schema-graph\">{\"@context\":\"https:\\\/\\\/schema.org\",\"@graph\":[{\"@type\":\"WebPage\",\"@id\":\"https:\\\/\\\/www.sommerrohouse.com\\\/en\\\/betingelser-for-booking-villa\\\/\",\"url\":\"https:\\\/\\\/www.sommerrohouse.com\\\/en\\\/betingelser-for-booking-villa\\\/\",\"name\":\"TERMS & CONDITIONS - Sommerro\",\"isPartOf\":{\"@id\":\"https:\\\/\\\/www.sommerrohouse.com\\\/#website\"},\"datePublished\":\"2023-03-16T14:55:31+00:00\",\"dateModified\":\"2023-04-13T07:57:16+00:00\",\"breadcrumb\":{\"@id\":\"https:\\\/\\\/www.sommerrohouse.com\\\/en\\\/betingelser-for-booking-villa\\\/#breadcrumb\"},\"inLanguage\":\"en-US\",\"potentialAction\":[{\"@type\":\"ReadAction\",\"target\":[\"https:\\\/\\\/www.sommerrohouse.com\\\/en\\\/betingelser-for-booking-villa\\\/\"]}]},{\"@type\":\"BreadcrumbList\",\"@id\":\"https:\\\/\\\/www.sommerrohouse.com\\\/en\\\/betingelser-for-booking-villa\\\/#breadcrumb\",\"itemListElement\":[{\"@type\":\"ListItem\",\"position\":1,\"name\":\"Home\",\"item\":\"https:\\\/\\\/www.sommerrohouse.com\\\/en\\\/\"},{\"@type\":\"ListItem\",\"position\":2,\"name\":\"TERMS &#038; CONDITIONS\"}]},{\"@type\":\"WebSite\",\"@id\":\"https:\\\/\\\/www.sommerrohouse.com\\\/#website\",\"url\":\"https:\\\/\\\/www.sommerrohouse.com\\\/\",\"name\":\"Sommerro\",\"description\":\"Welcome to Sommerro\",\"potentialAction\":[{\"@type\":\"SearchAction\",\"target\":{\"@type\":\"EntryPoint\",\"urlTemplate\":\"https:\\\/\\\/www.sommerrohouse.com\\\/?s={search_term_string}\"},\"query-input\":{\"@type\":\"PropertyValueSpecification\",\"valueRequired\":true,\"valueName\":\"search_term_string\"}}],\"inLanguage\":\"en-US\"}]}<\/script>\n<!-- \/ Yoast SEO plugin. -->","yoast_head_json":{"title":"TERMS & CONDITIONS - Sommerro","robots":{"index":"index","follow":"follow","max-snippet":"max-snippet:-1","max-image-preview":"max-image-preview:large","max-video-preview":"max-video-preview:-1"},"canonical":"https:\/\/www.sommerrohouse.com\/en\/betingelser-for-booking-villa\/","og_locale":"en_US","og_type":"article","og_title":"TERMS & CONDITIONS - Sommerro","og_description":"Rom &amp; frokost, ikke forh\u00e5ndsbetalt Rom &amp; frokost, forh\u00e5ndsbetalte reservasjoner Pakker Velv\u00e6rebehandlinger No Show \/ manglende oppm\u00f8te Det er 20-\u00e5rs aldersgrense for \u00e5 booke rom p\u00e5 Villa Inkognito. GENERELLE AVTALEVILK\u00c5R Bestilling Antall personer, pris, losji, samt \u00f8vrige produkter og tjenester som skal leveres av hotellet framg\u00e5r av bekreftelsen. Prisavtalens gyldighet De avtalte priser er bindende&hellip;","og_url":"https:\/\/www.sommerrohouse.com\/en\/betingelser-for-booking-villa\/","og_site_name":"Sommerro","article_modified_time":"2023-04-13T07:57:16+00:00","twitter_card":"summary_large_image","twitter_misc":{"Est. reading time":"3 minutes"},"schema":{"@context":"https:\/\/schema.org","@graph":[{"@type":"WebPage","@id":"https:\/\/www.sommerrohouse.com\/en\/betingelser-for-booking-villa\/","url":"https:\/\/www.sommerrohouse.com\/en\/betingelser-for-booking-villa\/","name":"TERMS & CONDITIONS - Sommerro","isPartOf":{"@id":"https:\/\/www.sommerrohouse.com\/#website"},"datePublished":"2023-03-16T14:55:31+00:00","dateModified":"2023-04-13T07:57:16+00:00","breadcrumb":{"@id":"https:\/\/www.sommerrohouse.com\/en\/betingelser-for-booking-villa\/#breadcrumb"},"inLanguage":"en-US","potentialAction":[{"@type":"ReadAction","target":["https:\/\/www.sommerrohouse.com\/en\/betingelser-for-booking-villa\/"]}]},{"@type":"BreadcrumbList","@id":"https:\/\/www.sommerrohouse.com\/en\/betingelser-for-booking-villa\/#breadcrumb","itemListElement":[{"@type":"ListItem","position":1,"name":"Home","item":"https:\/\/www.sommerrohouse.com\/en\/"},{"@type":"ListItem","position":2,"name":"TERMS &#038; CONDITIONS"}]},{"@type":"WebSite","@id":"https:\/\/www.sommerrohouse.com\/#website","url":"https:\/\/www.sommerrohouse.com\/","name":"Sommerro","description":"Welcome to Sommerro","potentialAction":[{"@type":"SearchAction","target":{"@type":"EntryPoint","urlTemplate":"https:\/\/www.sommerrohouse.com\/?s={search_term_string}"},"query-input":{"@type":"PropertyValueSpecification","valueRequired":true,"valueName":"search_term_string"}}],"inLanguage":"en-US"}]}},"publishpress_future_workflow_manual_trigger":{"enabledWorkflows":[]},"_links":{"self":[{"href":"https:\/\/www.sommerrohouse.com\/en\/wp-json\/wp\/v2\/pages\/42085","targetHints":{"allow":["GET"]}}],"collection":[{"href":"https:\/\/www.sommerrohouse.com\/en\/wp-json\/wp\/v2\/pages"}],"about":[{"href":"https:\/\/www.sommerrohouse.com\/en\/wp-json\/wp\/v2\/types\/page"}],"author":[{"embeddable":true,"href":"https:\/\/www.sommerrohouse.com\/en\/wp-json\/wp\/v2\/users\/4"}],"replies":[{"embeddable":true,"href":"https:\/\/www.sommerrohouse.com\/en\/wp-json\/wp\/v2\/comments?post=42085"}],"version-history":[{"count":3,"href":"https:\/\/www.sommerrohouse.com\/en\/wp-json\/wp\/v2\/pages\/42085\/revisions"}],"predecessor-version":[{"id":44365,"href":"https:\/\/www.sommerrohouse.com\/en\/wp-json\/wp\/v2\/pages\/42085\/revisions\/44365"}],"wp:attachment":[{"href":"https:\/\/www.sommerrohouse.com\/en\/wp-json\/wp\/v2\/media?parent=42085"}],"wp:term":[{"taxonomy":"post_tag","embeddable":true,"href":"https:\/\/www.sommerrohouse.com\/en\/wp-json\/wp\/v2\/tags?post=42085"}],"curies":[{"name":"wp","href":"https:\/\/api.w.org\/{rel}","templated":true}]}}