{"id":32331,"date":"2022-11-14T15:16:08","date_gmt":"2022-11-14T15:16:08","guid":{"rendered":"https:\/\/www.sommerrohouse.com\/?page_id=32331"},"modified":"2025-01-24T10:26:04","modified_gmt":"2025-01-24T10:26:04","slug":"gift-card-vestkantbadet","status":"publish","type":"page","link":"https:\/\/www.sommerrohouse.com\/en\/vestkantbadet\/gift-card-vestkantbadet\/","title":{"rendered":"Gift card Vestkantbadet"},"content":{"rendered":"\n<div class=\"wp-block-cover is-light\" style=\"min-height:431px;aspect-ratio:unset;\"><span aria-hidden=\"true\" class=\"wp-block-cover__background has-background-dim-0 has-background-dim\"><\/span><img loading=\"lazy\" decoding=\"async\" width=\"1399\" height=\"345\" class=\"wp-block-cover__image-background wp-image-709\" alt=\"\" src=\"https:\/\/www.sommerrohouse.com\/wp-content\/uploads\/2021\/05\/giftcard_background_image.png\" style=\"object-position:49% 56%\" data-object-fit=\"cover\" data-object-position=\"49% 56%\" srcset=\"https:\/\/www.sommerrohouse.com\/wp-content\/uploads\/2021\/05\/giftcard_background_image.png 1399w, https:\/\/www.sommerrohouse.com\/wp-content\/uploads\/2021\/05\/giftcard_background_image-300x74.png 300w, https:\/\/www.sommerrohouse.com\/wp-content\/uploads\/2021\/05\/giftcard_background_image-1024x253.png 1024w, https:\/\/www.sommerrohouse.com\/wp-content\/uploads\/2021\/05\/giftcard_background_image-768x189.png 768w, https:\/\/www.sommerrohouse.com\/wp-content\/uploads\/2021\/05\/giftcard_background_image-1280x316.png 1280w, https:\/\/www.sommerrohouse.com\/wp-content\/uploads\/2021\/05\/giftcard_background_image-400x99.png 400w, https:\/\/www.sommerrohouse.com\/wp-content\/uploads\/2021\/05\/giftcard_background_image-1217x300.png 1217w\" sizes=\"auto, (max-width: 1399px) 100vw, 1399px\" \/><div class=\"wp-block-cover__inner-container is-layout-flow wp-block-cover-is-layout-flow\">\n<p><\/p>\n\n\n\n<h1 class=\"has-text-align-center wp-block-heading\" id=\"gi-sommerro-i-gave\">GIFT CARD<\/h1>\n<\/div><\/div>\n\n\n\n<h6 class=\"has-text-align-center wp-block-heading\" id=\"gavekortet-kan-benyttes-i-alle-vare-avdelinger-slik-som-en-deilig-middag-i-ekspedisjonshallen-en-smakfull-cocktailaften-i-to-sostre-eller-tilbringe-noen-netter-i-vare-flotte-hotellrom-og-suiter\">Give Vestkantbadet to someone you love! A gift card from our wellness paradise offers surplus and time to unwind.<\/h6>\n\n\n\n<h6 class=\"has-text-align-center wp-block-heading\" id=\"gavekortet-kan-benyttes-i-alle-vare-avdelinger-slik-som-en-deilig-middag-i-ekspedisjonshallen-en-smakfull-cocktailaften-i-to-sostre-eller-tilbringe-noen-netter-i-vare-flotte-hotellrom-og-suiter\">Choose one of our packages, or give an amount of your choice at Sommerro &#8211; it can be used throughout our facilities, including Vestkantbadet.&nbsp;<\/h6>\n\n\n<div class=\"gift-up-target\" \r\n            data-site-id=\"40e39602-fd47-411e-b7a4-f390d457e9a6\" \r\n            data-domain=\"\"\r\n            data-product-id=\"\"\r\n            data-group-id=\"\"\r\n            data-payment-methods=\"\"\r\n            data-language=\"\"\r\n            data-purchaser-name=\"\"\r\n            data-purchaser-email=\"\"\r\n            data-recipient-name=\"\"\r\n            data-recipient-email=\"\"\r\n            data-step=\"\"\r\n            data-who-for=\"\"\r\n            data-promo-code=\"\"\r\n            data-hide-artwork=\"\"\r\n            data-hide-groups=\"\"\r\n            data-hide-ungrouped-items=\"\"\r\n            data-hide-custom-value=\"\"\r\n            data-custom-value-amount=\"\"\r\n            data-referrer=\"\"\r\n            data-platform=\"Wordpress\"\r\n        ><\/div>\r\n        <script type=\"text\/javascript\">\r\n        (function (g, i, f, t, u, p, s) {\r\n            g[u] = g[u] || function() { (g[u].q = g[u].q || []).push(arguments) };\r\n            p = i.createElement(f);\r\n            p.async = 1;\r\n            p.src = t;\r\n            s = i.getElementsByTagName(f)[0];\r\n            s.parentNode.insertBefore(p, s);\r\n        })(window, document, 'script', 'https:\/\/cdn.giftup.app\/dist\/gift-up.js', 'giftup');\r\n        <\/script>\n","protected":false},"excerpt":{"rendered":"<p>Give Vestkantbadet to someone you love! A gift card from our wellness paradise offers surplus and time to unwind. Choose one of our packages, or give an amount of your choice at Sommerro &#8211; it can be used throughout our facilities, including Vestkantbadet.&nbsp;<\/p>\n","protected":false},"author":4,"featured_media":0,"parent":29521,"menu_order":9,"comment_status":"closed","ping_status":"closed","template":"views\/template-giftcard.blade.php","meta":{"_acf_changed":false,"footnotes":""},"tags":[],"class_list":["post-32331","page","type-page","status-publish","hentry"],"acf":[],"yoast_head":"<!-- This site is optimized with the Yoast SEO plugin v27.3 - https:\/\/yoast.com\/product\/yoast-seo-wordpress\/ -->\n<title>Gift card Vestkantbadet - Sommerro<\/title>\n<meta name=\"description\" content=\"Gi bort en gaveopplevelse p\u00e5 Vestkantbadet! Velg mellom v\u00e5re pakker eller et valgfritt bel\u00f8p.\" \/>\n<meta name=\"robots\" content=\"index, follow, max-snippet:-1, max-image-preview:large, max-video-preview:-1\" \/>\n<link rel=\"canonical\" href=\"https:\/\/www.sommerrohouse.com\/en\/vestkantbadet\/gift-card-vestkantbadet\/\" \/>\n<meta property=\"og:locale\" content=\"en_US\" \/>\n<meta property=\"og:type\" content=\"article\" \/>\n<meta property=\"og:title\" content=\"Gift card Vestkantbadet - Sommerro\" \/>\n<meta property=\"og:description\" content=\"Gi bort en gaveopplevelse p\u00e5 Vestkantbadet! Velg mellom v\u00e5re pakker eller et valgfritt bel\u00f8p.\" \/>\n<meta property=\"og:url\" content=\"https:\/\/www.sommerrohouse.com\/en\/vestkantbadet\/gift-card-vestkantbadet\/\" \/>\n<meta property=\"og:site_name\" content=\"Sommerro\" \/>\n<meta property=\"article:modified_time\" content=\"2025-01-24T10:26:04+00:00\" \/>\n<meta property=\"og:image\" content=\"https:\/\/www.sommerrohouse.com\/wp-content\/uploads\/2021\/05\/giftcard_background_image.png\" \/>\n\t<meta property=\"og:image:width\" content=\"1399\" \/>\n\t<meta property=\"og:image:height\" content=\"345\" \/>\n\t<meta property=\"og:image:type\" content=\"image\/png\" \/>\n<meta name=\"twitter:card\" content=\"summary_large_image\" \/>\n<meta name=\"twitter:label1\" content=\"Est. reading time\" \/>\n\t<meta name=\"twitter:data1\" content=\"1 minute\" \/>\n<script type=\"application\/ld+json\" class=\"yoast-schema-graph\">{\"@context\":\"https:\\\/\\\/schema.org\",\"@graph\":[{\"@type\":\"WebPage\",\"@id\":\"https:\\\/\\\/www.sommerrohouse.com\\\/en\\\/vestkantbadet\\\/gift-card-vestkantbadet\\\/\",\"url\":\"https:\\\/\\\/www.sommerrohouse.com\\\/en\\\/vestkantbadet\\\/gift-card-vestkantbadet\\\/\",\"name\":\"Gift card Vestkantbadet - Sommerro\",\"isPartOf\":{\"@id\":\"https:\\\/\\\/www.sommerrohouse.com\\\/#website\"},\"primaryImageOfPage\":{\"@id\":\"https:\\\/\\\/www.sommerrohouse.com\\\/en\\\/vestkantbadet\\\/gift-card-vestkantbadet\\\/#primaryimage\"},\"image\":{\"@id\":\"https:\\\/\\\/www.sommerrohouse.com\\\/en\\\/vestkantbadet\\\/gift-card-vestkantbadet\\\/#primaryimage\"},\"thumbnailUrl\":\"https:\\\/\\\/www.sommerrohouse.com\\\/wp-content\\\/uploads\\\/2021\\\/05\\\/giftcard_background_image.png\",\"datePublished\":\"2022-11-14T15:16:08+00:00\",\"dateModified\":\"2025-01-24T10:26:04+00:00\",\"description\":\"Gi bort en gaveopplevelse p\u00e5 Vestkantbadet! Velg mellom v\u00e5re pakker eller et valgfritt bel\u00f8p.\",\"breadcrumb\":{\"@id\":\"https:\\\/\\\/www.sommerrohouse.com\\\/en\\\/vestkantbadet\\\/gift-card-vestkantbadet\\\/#breadcrumb\"},\"inLanguage\":\"en-US\",\"potentialAction\":[{\"@type\":\"ReadAction\",\"target\":[\"https:\\\/\\\/www.sommerrohouse.com\\\/en\\\/vestkantbadet\\\/gift-card-vestkantbadet\\\/\"]}]},{\"@type\":\"ImageObject\",\"inLanguage\":\"en-US\",\"@id\":\"https:\\\/\\\/www.sommerrohouse.com\\\/en\\\/vestkantbadet\\\/gift-card-vestkantbadet\\\/#primaryimage\",\"url\":\"https:\\\/\\\/www.sommerrohouse.com\\\/wp-content\\\/uploads\\\/2021\\\/05\\\/giftcard_background_image.png\",\"contentUrl\":\"https:\\\/\\\/www.sommerrohouse.com\\\/wp-content\\\/uploads\\\/2021\\\/05\\\/giftcard_background_image.png\"},{\"@type\":\"BreadcrumbList\",\"@id\":\"https:\\\/\\\/www.sommerrohouse.com\\\/en\\\/vestkantbadet\\\/gift-card-vestkantbadet\\\/#breadcrumb\",\"itemListElement\":[{\"@type\":\"ListItem\",\"position\":1,\"name\":\"Home\",\"item\":\"https:\\\/\\\/www.sommerrohouse.com\\\/en\\\/\"},{\"@type\":\"ListItem\",\"position\":2,\"name\":\"Vestkantbadet\",\"item\":\"https:\\\/\\\/www.sommerrohouse.com\\\/en\\\/vestkantbadet\\\/\"},{\"@type\":\"ListItem\",\"position\":3,\"name\":\"Gift card Vestkantbadet\"}]},{\"@type\":\"WebSite\",\"@id\":\"https:\\\/\\\/www.sommerrohouse.com\\\/#website\",\"url\":\"https:\\\/\\\/www.sommerrohouse.com\\\/\",\"name\":\"Sommerro\",\"description\":\"Welcome to Sommerro\",\"potentialAction\":[{\"@type\":\"SearchAction\",\"target\":{\"@type\":\"EntryPoint\",\"urlTemplate\":\"https:\\\/\\\/www.sommerrohouse.com\\\/?s={search_term_string}\"},\"query-input\":{\"@type\":\"PropertyValueSpecification\",\"valueRequired\":true,\"valueName\":\"search_term_string\"}}],\"inLanguage\":\"en-US\"}]}<\/script>\n<!-- \/ Yoast SEO plugin. -->","yoast_head_json":{"title":"Gift card Vestkantbadet - Sommerro","description":"Gi bort en gaveopplevelse p\u00e5 Vestkantbadet! Velg mellom v\u00e5re pakker eller et valgfritt bel\u00f8p.","robots":{"index":"index","follow":"follow","max-snippet":"max-snippet:-1","max-image-preview":"max-image-preview:large","max-video-preview":"max-video-preview:-1"},"canonical":"https:\/\/www.sommerrohouse.com\/en\/vestkantbadet\/gift-card-vestkantbadet\/","og_locale":"en_US","og_type":"article","og_title":"Gift card Vestkantbadet - Sommerro","og_description":"Gi bort en gaveopplevelse p\u00e5 Vestkantbadet! Velg mellom v\u00e5re pakker eller et valgfritt bel\u00f8p.","og_url":"https:\/\/www.sommerrohouse.com\/en\/vestkantbadet\/gift-card-vestkantbadet\/","og_site_name":"Sommerro","article_modified_time":"2025-01-24T10:26:04+00:00","og_image":[{"width":1399,"height":345,"url":"https:\/\/www.sommerrohouse.com\/wp-content\/uploads\/2021\/05\/giftcard_background_image.png","type":"image\/png"}],"twitter_card":"summary_large_image","twitter_misc":{"Est. reading time":"1 minute"},"schema":{"@context":"https:\/\/schema.org","@graph":[{"@type":"WebPage","@id":"https:\/\/www.sommerrohouse.com\/en\/vestkantbadet\/gift-card-vestkantbadet\/","url":"https:\/\/www.sommerrohouse.com\/en\/vestkantbadet\/gift-card-vestkantbadet\/","name":"Gift card Vestkantbadet - Sommerro","isPartOf":{"@id":"https:\/\/www.sommerrohouse.com\/#website"},"primaryImageOfPage":{"@id":"https:\/\/www.sommerrohouse.com\/en\/vestkantbadet\/gift-card-vestkantbadet\/#primaryimage"},"image":{"@id":"https:\/\/www.sommerrohouse.com\/en\/vestkantbadet\/gift-card-vestkantbadet\/#primaryimage"},"thumbnailUrl":"https:\/\/www.sommerrohouse.com\/wp-content\/uploads\/2021\/05\/giftcard_background_image.png","datePublished":"2022-11-14T15:16:08+00:00","dateModified":"2025-01-24T10:26:04+00:00","description":"Gi bort en gaveopplevelse p\u00e5 Vestkantbadet! Velg mellom v\u00e5re pakker eller et valgfritt bel\u00f8p.","breadcrumb":{"@id":"https:\/\/www.sommerrohouse.com\/en\/vestkantbadet\/gift-card-vestkantbadet\/#breadcrumb"},"inLanguage":"en-US","potentialAction":[{"@type":"ReadAction","target":["https:\/\/www.sommerrohouse.com\/en\/vestkantbadet\/gift-card-vestkantbadet\/"]}]},{"@type":"ImageObject","inLanguage":"en-US","@id":"https:\/\/www.sommerrohouse.com\/en\/vestkantbadet\/gift-card-vestkantbadet\/#primaryimage","url":"https:\/\/www.sommerrohouse.com\/wp-content\/uploads\/2021\/05\/giftcard_background_image.png","contentUrl":"https:\/\/www.sommerrohouse.com\/wp-content\/uploads\/2021\/05\/giftcard_background_image.png"},{"@type":"BreadcrumbList","@id":"https:\/\/www.sommerrohouse.com\/en\/vestkantbadet\/gift-card-vestkantbadet\/#breadcrumb","itemListElement":[{"@type":"ListItem","position":1,"name":"Home","item":"https:\/\/www.sommerrohouse.com\/en\/"},{"@type":"ListItem","position":2,"name":"Vestkantbadet","item":"https:\/\/www.sommerrohouse.com\/en\/vestkantbadet\/"},{"@type":"ListItem","position":3,"name":"Gift card Vestkantbadet"}]},{"@type":"WebSite","@id":"https:\/\/www.sommerrohouse.com\/#website","url":"https:\/\/www.sommerrohouse.com\/","name":"Sommerro","description":"Welcome to Sommerro","potentialAction":[{"@type":"SearchAction","target":{"@type":"EntryPoint","urlTemplate":"https:\/\/www.sommerrohouse.com\/?s={search_term_string}"},"query-input":{"@type":"PropertyValueSpecification","valueRequired":true,"valueName":"search_term_string"}}],"inLanguage":"en-US"}]}},"publishpress_future_workflow_manual_trigger":{"enabledWorkflows":[]},"_links":{"self":[{"href":"https:\/\/www.sommerrohouse.com\/en\/wp-json\/wp\/v2\/pages\/32331","targetHints":{"allow":["GET"]}}],"collection":[{"href":"https:\/\/www.sommerrohouse.com\/en\/wp-json\/wp\/v2\/pages"}],"about":[{"href":"https:\/\/www.sommerrohouse.com\/en\/wp-json\/wp\/v2\/types\/page"}],"author":[{"embeddable":true,"href":"https:\/\/www.sommerrohouse.com\/en\/wp-json\/wp\/v2\/users\/4"}],"replies":[{"embeddable":true,"href":"https:\/\/www.sommerrohouse.com\/en\/wp-json\/wp\/v2\/comments?post=32331"}],"version-history":[{"count":3,"href":"https:\/\/www.sommerrohouse.com\/en\/wp-json\/wp\/v2\/pages\/32331\/revisions"}],"predecessor-version":[{"id":39723,"href":"https:\/\/www.sommerrohouse.com\/en\/wp-json\/wp\/v2\/pages\/32331\/revisions\/39723"}],"up":[{"embeddable":true,"href":"https:\/\/www.sommerrohouse.com\/en\/wp-json\/wp\/v2\/pages\/29521"}],"wp:attachment":[{"href":"https:\/\/www.sommerrohouse.com\/en\/wp-json\/wp\/v2\/media?parent=32331"}],"wp:term":[{"taxonomy":"post_tag","embeddable":true,"href":"https:\/\/www.sommerrohouse.com\/en\/wp-json\/wp\/v2\/tags?post=32331"}],"curies":[{"name":"wp","href":"https:\/\/api.w.org\/{rel}","templated":true}]}}