{"id":19209,"date":"2022-08-17T07:58:48","date_gmt":"2022-08-17T07:58:48","guid":{"rendered":"https:\/\/www.sommerrohouse.com\/?page_id=19209"},"modified":"2022-08-17T08:09:54","modified_gmt":"2022-08-17T08:09:54","slug":"sommerrostandard","status":"publish","type":"page","link":"https:\/\/www.sommerrohouse.com\/en\/sommerrostandard\/","title":{"rendered":"Sommerrostandard"},"content":{"rendered":"\n<div class=\"wp-block-group\"><div class=\"wp-block-group__inner-container is-layout-flow wp-block-group-is-layout-flow\">\n<div style=\"height:100px\" aria-hidden=\"true\" class=\"wp-block-spacer\"><\/div>\n\n\n\n<h1 class=\"wp-block-heading\">SOMMERROSTANDARDEN<\/h1>\n\n\n\n<p>B\u00e6rekraft p\u00e5 Sommerro handler om mennesker og milj\u00f8. Vi er opptatt av hvordan v\u00e5rt hus skal kan gode opplevelser og v\u00e6re et positivt bidrag i livet til alle v\u00e5re gjester, ansatte og hele nabolaget. Samtidig jobber vi for \u00e5 redusere det negative avtrykket vi har p\u00e5 klimaet og milj\u00f8et, blant annet gjennom valg av varige l\u00f8sninger og lokale leverand\u00f8rer. Vi har arvet et hus fra generasjoner f\u00f8r oss, og l\u00e5ner det kun fra generasjoner som kommer. P\u00e5 trappen til Sommerro st\u00e5r det hugget i stein; Lys, kraft og varme. Det er verdier som har preget bygget siden 1931, og som vi har med oss i alt vi gj\u00f8r og det vi st\u00e5r for.<\/p>\n\n\n\n<div style=\"height:100px\" aria-hidden=\"true\" class=\"wp-block-spacer\"><\/div>\n\n\n\n<h2 class=\"wp-block-heading\">LAD OPP<\/h2>\n\n\n\n<p>Sommerro er et sted for overskudd \u2013 her g\u00e5r alt naturligvis p\u00e5 fornybar energi<\/p>\n<\/div><\/div>\n\n\n<div class=\"teasers-block teasers-block \">\n\t<div class=\"teasers-block__items\">\n\t\t<div class=\"swiper-container fn-slider\" data-bullets=\"1\" data-slidesPerView=\"auto\" data-overflowoffset=\"true\" data-arrows=\"1\" data-velocity=\"sluggish\" data-small-device-slider-mode=\"device-default\">\n\t\t\t<div class=\"swiper-wrapper\">\n\t\t\t\t\t\t\t\t\t<div class=\"swiper-slide\">\n\t\t\t\t\t\t<div class=\"teasers-block__items__item\">\n\t\t\t\t\t\t\t<div class=\"teasers-image-container\">\n\t\t\t\t\t\t\t\t\t\t\t\t\t\t\t\t\t\t\t\t\t\t\t\t\t\t\t\t\t\t<img fetchpriority=\"high\" decoding=\"async\" src=\"https:\/\/www.sommerrohouse.com\/wp-content\/uploads\/2021\/01\/A-new-era-520x380.png\" width=\"520\" height=\"380\" alt=\"\" loading=\"eager\">\n\t\t\t\t\t\t\t\t\t\t\t\t\t\t\t\t\t\t\t\t\t\t\t\t\t\t\t\n\t\t\t\t\t\t\t<\/div>\n\t\t\t\t\t\t\t\t\t\t\t\t\t\t<span class=\"teasers-block__items__item__heading\">LYS, KRAFT OG VARME<\/span>\n\t\t\t\t\t\t\t\t\t\t\t\t\t\t<span class=\"teasers-block__items__item__description\">\n\t\t\t\t\t\t\t\t<p>\n\t\t\t\t\t\t\t\t\tHistorien til huset handler om energi, og verdiene &#8220;lys, kraft og varme&#8221; st\u00e5r sentralt i hele v\u00e5rt konsept. Vi vil snakke om menneskelig energi, og m\u00e5 levere p\u00e5 fornybar energi til bygget og til opplevelsene vi vil skape her\n\n\t\t\t\t\t\t\t\t<\/p>\n\t\t\t\t\t\t\t<\/span>\n\t\t\t\t\t\t\t<div class=\"teasers-block__buttons\">\n\t\t\t\t\t\t\t\t\t\t\t\t\t\t\t\t\t\t\t\t\t\t\t\t\n\n\t\t\t\t\t\t\t\t\n\t\t\t\t\t\t\t\t\n\t\t\t\t\t\t\t\t\t\t\t\t\t\t\t\t\n\t\t\t\t\t\t\t<\/div>\n\t\t\t\t\t\t<\/div>\n\t\t\t\t\t<\/div>\n\t\t\t\t\t\t\t\t\t<div class=\"swiper-slide\">\n\t\t\t\t\t\t<div class=\"teasers-block__items__item\">\n\t\t\t\t\t\t\t<div class=\"teasers-image-container\">\n\t\t\t\t\t\t\t\t\t\t\t\t\t\t\t\t\t\t\t\t\t\t\t\t\t\t\t\t\t\t<img decoding=\"async\" src=\"https:\/\/www.sommerrohouse.com\/wp-content\/uploads\/2022\/06\/Sofia-Ostlund-520x380.jpg\" width=\"520\" height=\"380\" alt=\"\" loading=\"eager\">\n\t\t\t\t\t\t\t\t\t\t\t\t\t\t\t\t\t\t\t\t\t\t\t\t\t\t\t\n\t\t\t\t\t\t\t<\/div>\n\t\t\t\t\t\t\t\t\t\t\t\t\t\t<span class=\"teasers-block__items__item__heading\">FORNYBAR ENERGI<\/span>\n\t\t\t\t\t\t\t\t\t\t\t\t\t\t<span class=\"teasers-block__items__item__description\">\n\t\t\t\t\t\t\t\t<p>\n\t\t\t\t\t\t\t\t\tFornybar energi og energieffektivisering innenfor det som er teknisk mulig for det gamle bygget. Elektrisk transport (bil, taxi, el-b\u00e5t etc)\n\n\t\t\t\t\t\t\t\t<\/p>\n\t\t\t\t\t\t\t<\/span>\n\t\t\t\t\t\t\t<div class=\"teasers-block__buttons\">\n\t\t\t\t\t\t\t\t\t\t\t\t\t\t\t\t\t\t\t\t\t\t\t\t\n\n\t\t\t\t\t\t\t\t\n\t\t\t\t\t\t\t\t\n\t\t\t\t\t\t\t\t\t\t\t\t\t\t\t\t\n\t\t\t\t\t\t\t<\/div>\n\t\t\t\t\t\t<\/div>\n\t\t\t\t\t<\/div>\n\t\t\t\t\t\t\t<\/div>\n\t\t\t<div class=\"swiper-pagination\"><\/div>\n\t\t\t<div class=\"swiper-button-prev elevated\"><\/div>\n\t\t\t<div class=\"swiper-button-next elevated\"><\/div>\n\t\t<\/div>\n\t<\/div>\n<\/div>\n\n\n\n<div style=\"height:100px\" aria-hidden=\"true\" class=\"wp-block-spacer\"><\/div>\n\n\n\n<div class=\"wp-block-group\"><div class=\"wp-block-group__inner-container is-layout-flow wp-block-group-is-layout-flow\">\n<h2 class=\"wp-block-heading\">GLEM TRENDER<\/h2>\n\n\n\n<p>Glem trender! Sommerro er utviklet med utgangspunkt i norsk designhistorie. Stilen og interi\u00f8ret er valgt for \u00e5 vare lenge. Akkurat som minnene vi skaper her sammen.<\/p>\n<\/div><\/div>\n\n\n<div class=\"teasers-block teasers-block \">\n\t<div class=\"teasers-block__items\">\n\t\t<div class=\"swiper-container fn-slider\" data-bullets=\"1\" data-slidesPerView=\"auto\" data-overflowoffset=\"true\" data-arrows=\"1\" data-velocity=\"sluggish\" data-small-device-slider-mode=\"device-default\">\n\t\t\t<div class=\"swiper-wrapper\">\n\t\t\t\t\t\t\t\t\t<div class=\"swiper-slide\">\n\t\t\t\t\t\t<div class=\"teasers-block__items__item\">\n\t\t\t\t\t\t\t<div class=\"teasers-image-container\">\n\t\t\t\t\t\t\t\t\t\t\t\t\t\t\t\t\t\t\t\t\t\t\t\t\t\t\t\t\t\t<img decoding=\"async\" src=\"https:\/\/www.sommerrohouse.com\/wp-content\/uploads\/2021\/01\/Superior-Room-520x380.jpg\" width=\"520\" height=\"380\" alt=\"\" loading=\"eager\">\n\t\t\t\t\t\t\t\t\t\t\t\t\t\t\t\t\t\t\t\t\t\t\t\t\t\t\t\n\t\t\t\t\t\t\t<\/div>\n\t\t\t\t\t\t\t\t\t\t\t\t\t\t<span class=\"teasers-block__items__item__heading\"><\/span>\n\t\t\t\t\t\t\t\t\t\t\t\t\t\t<span class=\"teasers-block__items__item__description\">\n\t\t\t\t\t\t\t\t<p>\n\t\t\t\t\t\t\t\t\tVarighet st\u00e5r sentralt i det vi gj\u00f8r. P\u00e5 Sommerro tar vi vare p\u00e5 kulturhistrorie, ting og mennesker. I en tid der alt fra dingser til relasjoner er kortvarig, skal Sommerro v\u00e6re en motvekt\n\n\t\t\t\t\t\t\t\t<\/p>\n\t\t\t\t\t\t\t<\/span>\n\t\t\t\t\t\t\t<div class=\"teasers-block__buttons\">\n\t\t\t\t\t\t\t\t\t\t\t\t\t\t\t\t\t\t\t\t\t\t\t\t\n\n\t\t\t\t\t\t\t\t\n\t\t\t\t\t\t\t\t\n\t\t\t\t\t\t\t\t\t\t\t\t\t\t\t\t\n\t\t\t\t\t\t\t<\/div>\n\t\t\t\t\t\t<\/div>\n\t\t\t\t\t<\/div>\n\t\t\t\t\t\t\t<\/div>\n\t\t\t<div class=\"swiper-pagination\"><\/div>\n\t\t\t<div class=\"swiper-button-prev elevated\"><\/div>\n\t\t\t<div class=\"swiper-button-next elevated\"><\/div>\n\t\t<\/div>\n\t<\/div>\n<\/div>\n","protected":false},"excerpt":{"rendered":"<p>SOMMERROSTANDARDEN B\u00e6rekraft p\u00e5 Sommerro handler om mennesker og milj\u00f8. Vi er opptatt av hvordan v\u00e5rt hus skal kan gode opplevelser og v\u00e6re et positivt bidrag i livet til alle v\u00e5re gjester, ansatte og hele nabolaget. Samtidig jobber vi for \u00e5 redusere det negative avtrykket vi har p\u00e5 klimaet og milj\u00f8et, blant annet gjennom valg av&hellip;<\/p>\n","protected":false},"author":4,"featured_media":0,"parent":0,"menu_order":0,"comment_status":"closed","ping_status":"closed","template":"","meta":{"_acf_changed":false,"footnotes":""},"tags":[],"class_list":["post-19209","page","type-page","status-publish","hentry"],"acf":[],"yoast_head":"<!-- This site is optimized with the Yoast SEO plugin v27.3 - https:\/\/yoast.com\/product\/yoast-seo-wordpress\/ -->\n<title>Sommerrostandard - Sommerro<\/title>\n<meta name=\"robots\" content=\"index, follow, max-snippet:-1, max-image-preview:large, max-video-preview:-1\" \/>\n<link rel=\"canonical\" href=\"https:\/\/www.sommerrohouse.com\/en\/sommerrostandard\/\" \/>\n<meta property=\"og:locale\" content=\"en_US\" \/>\n<meta property=\"og:type\" content=\"article\" \/>\n<meta property=\"og:title\" content=\"Sommerrostandard - Sommerro\" \/>\n<meta property=\"og:description\" content=\"SOMMERROSTANDARDEN B\u00e6rekraft p\u00e5 Sommerro handler om mennesker og milj\u00f8. Vi er opptatt av hvordan v\u00e5rt hus skal kan gode opplevelser og v\u00e6re et positivt bidrag i livet til alle v\u00e5re gjester, ansatte og hele nabolaget. Samtidig jobber vi for \u00e5 redusere det negative avtrykket vi har p\u00e5 klimaet og milj\u00f8et, blant annet gjennom valg av&hellip;\" \/>\n<meta property=\"og:url\" content=\"https:\/\/www.sommerrohouse.com\/en\/sommerrostandard\/\" \/>\n<meta property=\"og:site_name\" content=\"Sommerro\" \/>\n<meta property=\"article:modified_time\" content=\"2022-08-17T08:09:54+00:00\" \/>\n<meta name=\"twitter:card\" content=\"summary_large_image\" \/>\n<meta name=\"twitter:label1\" content=\"Est. reading time\" \/>\n\t<meta name=\"twitter:data1\" content=\"1 minute\" \/>\n<script type=\"application\/ld+json\" class=\"yoast-schema-graph\">{\"@context\":\"https:\\\/\\\/schema.org\",\"@graph\":[{\"@type\":\"WebPage\",\"@id\":\"https:\\\/\\\/www.sommerrohouse.com\\\/en\\\/sommerrostandard\\\/\",\"url\":\"https:\\\/\\\/www.sommerrohouse.com\\\/en\\\/sommerrostandard\\\/\",\"name\":\"Sommerrostandard - Sommerro\",\"isPartOf\":{\"@id\":\"https:\\\/\\\/www.sommerrohouse.com\\\/#website\"},\"datePublished\":\"2022-08-17T07:58:48+00:00\",\"dateModified\":\"2022-08-17T08:09:54+00:00\",\"breadcrumb\":{\"@id\":\"https:\\\/\\\/www.sommerrohouse.com\\\/en\\\/sommerrostandard\\\/#breadcrumb\"},\"inLanguage\":\"en-US\",\"potentialAction\":[{\"@type\":\"ReadAction\",\"target\":[\"https:\\\/\\\/www.sommerrohouse.com\\\/en\\\/sommerrostandard\\\/\"]}]},{\"@type\":\"BreadcrumbList\",\"@id\":\"https:\\\/\\\/www.sommerrohouse.com\\\/en\\\/sommerrostandard\\\/#breadcrumb\",\"itemListElement\":[{\"@type\":\"ListItem\",\"position\":1,\"name\":\"Home\",\"item\":\"https:\\\/\\\/www.sommerrohouse.com\\\/en\\\/\"},{\"@type\":\"ListItem\",\"position\":2,\"name\":\"Sommerrostandard\"}]},{\"@type\":\"WebSite\",\"@id\":\"https:\\\/\\\/www.sommerrohouse.com\\\/#website\",\"url\":\"https:\\\/\\\/www.sommerrohouse.com\\\/\",\"name\":\"Sommerro\",\"description\":\"Welcome to Sommerro\",\"potentialAction\":[{\"@type\":\"SearchAction\",\"target\":{\"@type\":\"EntryPoint\",\"urlTemplate\":\"https:\\\/\\\/www.sommerrohouse.com\\\/?s={search_term_string}\"},\"query-input\":{\"@type\":\"PropertyValueSpecification\",\"valueRequired\":true,\"valueName\":\"search_term_string\"}}],\"inLanguage\":\"en-US\"}]}<\/script>\n<!-- \/ Yoast SEO plugin. -->","yoast_head_json":{"title":"Sommerrostandard - Sommerro","robots":{"index":"index","follow":"follow","max-snippet":"max-snippet:-1","max-image-preview":"max-image-preview:large","max-video-preview":"max-video-preview:-1"},"canonical":"https:\/\/www.sommerrohouse.com\/en\/sommerrostandard\/","og_locale":"en_US","og_type":"article","og_title":"Sommerrostandard - Sommerro","og_description":"SOMMERROSTANDARDEN B\u00e6rekraft p\u00e5 Sommerro handler om mennesker og milj\u00f8. Vi er opptatt av hvordan v\u00e5rt hus skal kan gode opplevelser og v\u00e6re et positivt bidrag i livet til alle v\u00e5re gjester, ansatte og hele nabolaget. Samtidig jobber vi for \u00e5 redusere det negative avtrykket vi har p\u00e5 klimaet og milj\u00f8et, blant annet gjennom valg av&hellip;","og_url":"https:\/\/www.sommerrohouse.com\/en\/sommerrostandard\/","og_site_name":"Sommerro","article_modified_time":"2022-08-17T08:09:54+00:00","twitter_card":"summary_large_image","twitter_misc":{"Est. reading time":"1 minute"},"schema":{"@context":"https:\/\/schema.org","@graph":[{"@type":"WebPage","@id":"https:\/\/www.sommerrohouse.com\/en\/sommerrostandard\/","url":"https:\/\/www.sommerrohouse.com\/en\/sommerrostandard\/","name":"Sommerrostandard - Sommerro","isPartOf":{"@id":"https:\/\/www.sommerrohouse.com\/#website"},"datePublished":"2022-08-17T07:58:48+00:00","dateModified":"2022-08-17T08:09:54+00:00","breadcrumb":{"@id":"https:\/\/www.sommerrohouse.com\/en\/sommerrostandard\/#breadcrumb"},"inLanguage":"en-US","potentialAction":[{"@type":"ReadAction","target":["https:\/\/www.sommerrohouse.com\/en\/sommerrostandard\/"]}]},{"@type":"BreadcrumbList","@id":"https:\/\/www.sommerrohouse.com\/en\/sommerrostandard\/#breadcrumb","itemListElement":[{"@type":"ListItem","position":1,"name":"Home","item":"https:\/\/www.sommerrohouse.com\/en\/"},{"@type":"ListItem","position":2,"name":"Sommerrostandard"}]},{"@type":"WebSite","@id":"https:\/\/www.sommerrohouse.com\/#website","url":"https:\/\/www.sommerrohouse.com\/","name":"Sommerro","description":"Welcome to Sommerro","potentialAction":[{"@type":"SearchAction","target":{"@type":"EntryPoint","urlTemplate":"https:\/\/www.sommerrohouse.com\/?s={search_term_string}"},"query-input":{"@type":"PropertyValueSpecification","valueRequired":true,"valueName":"search_term_string"}}],"inLanguage":"en-US"}]}},"publishpress_future_workflow_manual_trigger":{"enabledWorkflows":[]},"_links":{"self":[{"href":"https:\/\/www.sommerrohouse.com\/en\/wp-json\/wp\/v2\/pages\/19209","targetHints":{"allow":["GET"]}}],"collection":[{"href":"https:\/\/www.sommerrohouse.com\/en\/wp-json\/wp\/v2\/pages"}],"about":[{"href":"https:\/\/www.sommerrohouse.com\/en\/wp-json\/wp\/v2\/types\/page"}],"author":[{"embeddable":true,"href":"https:\/\/www.sommerrohouse.com\/en\/wp-json\/wp\/v2\/users\/4"}],"replies":[{"embeddable":true,"href":"https:\/\/www.sommerrohouse.com\/en\/wp-json\/wp\/v2\/comments?post=19209"}],"version-history":[{"count":3,"href":"https:\/\/www.sommerrohouse.com\/en\/wp-json\/wp\/v2\/pages\/19209\/revisions"}],"predecessor-version":[{"id":19271,"href":"https:\/\/www.sommerrohouse.com\/en\/wp-json\/wp\/v2\/pages\/19209\/revisions\/19271"}],"wp:attachment":[{"href":"https:\/\/www.sommerrohouse.com\/en\/wp-json\/wp\/v2\/media?parent=19209"}],"wp:term":[{"taxonomy":"post_tag","embeddable":true,"href":"https:\/\/www.sommerrohouse.com\/en\/wp-json\/wp\/v2\/tags?post=19209"}],"curies":[{"name":"wp","href":"https:\/\/api.w.org\/{rel}","templated":true}]}}