{"id":16343,"date":"2022-07-29T07:00:11","date_gmt":"2022-07-29T07:00:11","guid":{"rendered":"https:\/\/www.sommerrohouse.com\/?page_id=16343"},"modified":"2023-11-21T09:45:32","modified_gmt":"2023-11-21T09:45:32","slug":"vestkantbadet-personvernerklaering","status":"publish","type":"page","link":"https:\/\/www.sommerrohouse.com\/en\/contact\/vestkantbadet-personvernerklaering\/","title":{"rendered":"Vestkantbadet \u2013 Personvernerkl\u00e6ring"},"content":{"rendered":"<div class=\"featured-block featured-block--page featured-block--16343 \">\n\t\t\t\t\t\t\t\t\t\t<div class=\"swiper-container swiper-container--featured fn-slider\" data-type=\"featured\">\n\t\t\t<div class=\"swiper-wrapper\">\n\t\t\t\t\t\t\t\t\t\t<div class=\"swiper-slide\" data-color=\"{\n\t\t\t\t&quot;accent&quot; : &quot;#E58848&quot;,\n\t\t\t\t&quot;accent_active&quot; : &quot;#E58848&quot;,\n\t\t\t\t&quot;background&quot; : &quot;#351313&quot;,\n\t\t\t\t&quot;font&quot; : &quot;#FFFFFF&quot;,\n\t\t\t\t&quot;topbar&quot; : &quot;#220707&quot;,\n\t\t\t\t&quot;topbar_accent&quot; : &quot;#E58848&quot;,\n\t\t\t\t&quot;button_background_color&quot; : &quot;#E58848&quot;,\n\t\t\t\t&quot;button_color&quot; : &quot;#351313&quot;,\n\t\t\t\t&quot;page_accent&quot; : &quot;#E58848&quot;,\n\t\t\t\t&quot;complemented_color&quot; : &quot;#E58848&quot;,\n\t\t\t\t&quot;logo_color&quot; : &quot;#E58848&quot;,\n\t\t\t\t&quot;invert_logo_color&quot; : &quot;#E58848&quot;,\n\t\t\t\t&quot;nav_init&quot; : &quot;#FFFFFF&quot;,\n\t\t\t\t&quot;nav_scrolled&quot; : &quot;#FFFFFF&quot;,\n\t\t\t\t&quot;header_init&quot; : &quot;transparent&quot;,\n\t\t\t\t&quot;header_scrolled&quot; : &quot;#351313&quot;,\n\t\t\t\t&quot;button_readmore&quot; : &quot;#351313&quot;\n\t\t\t}\">\n\t\t\t\t\t<div class=\"featured-block__item\">\n\t\t\t\t\t\t\t\t\t\t\t\t\t\t\t\t\t\t\t\t\t\t\t\t\t\t\t\t<div\n\t\t\t\t\t\t\t\tclass=\"featured-block__item__image\"\n\t\t\t\t\t\t\t\tstyle=\"background-image: url(https:\/\/www.sommerrohouse.com\/wp-content\/uploads\/2022\/04\/Sommerro-Gym-e1650441160949.jpg);background-position:50% 50%;\"><\/div>\n\t\t\t\t\t\t\t\t\t\t\t\t\t\t\t\t\t\t\t\t\t\t\t\t\t\t\t\t\t\t\t\t<div class=\"featured-block__item__overlay\"><\/div>\n\t\t\t\t\t\t\t\t\t\t\t\t<div class=\"featured-block__item--wrapper\">\n\t\t\t\t\t\t\t\t\t\t\t\t\t\t\t<div class=\"featured-block__item__content featured-block__item__content--page featured-block__item__content--submenu-spacer featured-block__item__content--submenu-standard center\" style=\"justify-content: center;\">\n\n\t\t\t\t\t\t\t\t<div class=\"featured-block__item__content__header featured-block__item__content--text-center  featured-block__item__content__header--no-icon\"\n\t\t\t\t\t\t\t\t>\n\t\t\t\t\t\t\t\t\t\t\t\t\t\t\t\t\t\t\t\t\t\t\t\t\t\t\t\t\t\t<h1>Vestkantbadet \u2013 Personvernerkl\u00e6ring<\/h1>\n\t\t\t\t\t\t\t\t\t\t\t\t\t\t\t\t\t\t\t\t\t\t\t\t\t\t\t<\/div>\n\n\n\t\t\t\t\t\t\t\t\t\n\t\t\t\t\t\t\t\t\t\t\t\t\t\t\t\t\t\t\n\t\t\t\t\t\t\t\t\t\n\t\t\t\t\t\t\t\t\t\n\t\t\t\t\t\t\t\t\t\n\t\t\t\t\t\t\t\t\t\n\t\t\t\t\t\t\t\t\t\n\t\t\t\t\t\t\t\t\t\t\t\t\t\t\t\t\t\t\t\n\t\t\t\t\t\t\t\t<\/div>\n\t\t\t\t\t\t\t\t\t\t\t\t\t<\/div>\n\t\t\t\t\t<\/div>\n\n\t\t\t\t<\/div>\n\t\t\t\t\t\t<\/div>\n\t\t<\/div>\n\n\t\t\t\n\t\n\t\n<\/div>\n\n<style id=\"fn-dynamic-style\">\n  :root {\n  }\n<\/style>\n\n\n\n<div class=\"wp-block-group\"><div class=\"wp-block-group__inner-container is-layout-flow wp-block-group-is-layout-flow\">\n<p>Under f\u00f8lger informasjon om hvordan vi behandler personopplysninger om deg i forbindelse med ditt medlemskap hos Vestkantbadet.<\/p>\n\n\n\n<h4 class=\"wp-block-heading\"><strong>V\u00e5r behandling av personopplysninger<\/strong><\/h4>\n\n\n\n<p>For \u00e5 kunne v\u00e6re medlem trenger vi enkelte opplysninger om deg for \u00e5 kunne administrere medlemskapet. Dette gjelder ditt navn, e-post, f\u00f8dselsdato, kj\u00f8nn, telefon, adresse og i noen tilfeller kortinformasjon i forbindelse med automatisk kortbetaling hver m\u00e5ned (for de som ikke \u00f8nsker \u00e5 betale hele \u00e5rsmedlemskapet ved \u00e9n betaling), samt eventuell relevant korrespondanse med deg. Dette er <em>personopplysninger<\/em>.<\/p>\n\n\n\n<h4 class=\"wp-block-heading\"><strong>Form\u00e5let med behandlingen<\/strong><\/h4>\n\n\n\n<p>Form\u00e5let med v\u00e5r behandling av personopplysninger om deg er \u00e5 kunne administrere og fakturere ditt medlemskap, samt svare p\u00e5 eventuelle henvendelser fra deg. Behandlingen av personopplysninger er dels n\u00f8dvendig for \u00e5 kunne oppfylle medlemsavtalen overfor deg (GDPR art. 6 nr. 1, bokstav b), dels n\u00f8dvendig p\u00e5 bakgrunn av v\u00e5r berettigete interesse i \u00e5 kunne administrere medlemsforholdet (GDPR artikkel 6, nr. 1, bokstav f).<\/p>\n\n\n\n<h4 class=\"wp-block-heading\"><strong>Behandlingsansvarlig og databehandlere<\/strong><\/h4>\n\n\n\n<p>Behandlingsansvarlig for de personopplysningene som samles inn om deg er Sommerrogata Hotelldrift AS. Du kan kontakte oss med sp\u00f8rsm\u00e5l om personvern p\u00e5 epost: <a href=\"mailto:stay@sommerrohouse.com\">stay@sommerrohouse.com<\/a>.<\/p>\n\n\n\n<p>Vi deler ikke personopplysningene dine med andre. For drift av v\u00e5re datasystemer benyttes ulike databehandlere. Disse kan f\u00e5 tilgang til opplysningene du har lagt inn ifm. sitt arbeid med driften av v\u00e5re datasystemer. V\u00e5re databehandlere er alle underlagt databehandleravtaler som inneb\u00e6rer at de ikke kan benytte personopplysningene p\u00e5 noen annen m\u00e5te.<\/p>\n\n\n\n<h4 class=\"wp-block-heading\"><strong>Nyhetsoppdateringer<\/strong><\/h4>\n\n\n\n<p>Vi \u00f8nsker \u00e5 holde kontakten med deg. Form\u00e5let er \u00e5 gi deg nyheter om arrangementer, kampanjer, tilbud og informasjon om Sommerro \/ Vestkantbadet. Du kan ombestemme deg n\u00e5r som helst ved \u00e5 klikke &#8220;avslutt abonnementet&#8221; i slutten av hver eneste e-post du f\u00e5r fra oss eller ved \u00e5 ta kontakt p\u00e5 <a href=\"mailto:stay@sommerrohouse.com\">stay@sommerrohouse.com<\/a>.<\/p>\n\n\n\n<p>Ved \u00e5 klikke i ruten for &#8220;Ja, jeg vil ha informasjon om kampanjer og spesialtilbud fra Sommerro&#8221; tillater du at vi behandler opplysninger om deg iht. det gjeldende lovverket.<\/p>\n\n\n\n<h4 class=\"wp-block-heading\"><strong>Retting, sletting mv.<\/strong><\/h4>\n\n\n\n<p>Du har rett til innsyn i, og kan ha rett til korrigering og sletting, samt begrensning av og protest mot behandlingen av, personopplysningene, samt rett til \u00e5 p\u00e5klage behandlingen til Datatilsynet. Videre kan man ha rett til \u00e5 f\u00e5 personopplysningene overf\u00f8rt til annen behandlingsansvarlig. Dersom du \u00f8nsker \u00e5 ut\u00f8ve slik retting, sletting o.l. kan du kontakte oss p\u00e5 stay@sommerrohouse.com.<\/p>\n\n\n\n<h4 class=\"wp-block-heading\"><strong>Lagringstid<\/strong><\/h4>\n\n\n\n<p>Personopplysninger om deg vil normalt slettes innen 6 m\u00e5neder etter at ditt medlemskap har opph\u00f8rt.<\/p>\n\n\n\n<h4 class=\"wp-block-heading\"><strong>Endringer<\/strong><\/h4>\n\n\n\n<p>Vi vil kunne oppdatere denne personvernerkl\u00e6ringen ved behov. Ved vesentlige endringer vil du f\u00e5 beskjed om dette. Siste versjon av personvernerkl\u00e6ringen vil alltid v\u00e6re tilgjengelig p\u00e5 v\u00e5r nettside.<\/p>\n<\/div><\/div>\n\n\n\n<div class=\"wp-block-group\"><div class=\"wp-block-group__inner-container is-layout-flow wp-block-group-is-layout-flow\"><\/div><\/div>\n","protected":false},"excerpt":{"rendered":"<p>Under f\u00f8lger informasjon om hvordan vi behandler personopplysninger om deg i forbindelse med ditt medlemskap hos Vestkantbadet. V\u00e5r behandling av personopplysninger For \u00e5 kunne v\u00e6re medlem trenger vi enkelte opplysninger om deg for \u00e5 kunne administrere medlemskapet. Dette gjelder ditt navn, e-post, f\u00f8dselsdato, kj\u00f8nn, telefon, adresse og i noen tilfeller kortinformasjon i forbindelse med automatisk&hellip;<\/p>\n","protected":false},"author":4,"featured_media":0,"parent":4455,"menu_order":0,"comment_status":"closed","ping_status":"closed","template":"","meta":{"_acf_changed":false,"footnotes":""},"tags":[],"class_list":["post-16343","page","type-page","status-publish","hentry"],"acf":[],"yoast_head":"<!-- This site is optimized with the Yoast SEO plugin v27.1.1 - https:\/\/yoast.com\/product\/yoast-seo-wordpress\/ -->\n<title>Vestkantbadet - Privacy Policy | Sommerro<\/title>\n<meta name=\"description\" content=\"Read our privacy policy regarding Vestkantbadet at Sommerro House. Your privacy is important to us. Don&#039;t hesitate to contact us if you have any questions.\" \/>\n<meta name=\"robots\" content=\"index, follow, max-snippet:-1, max-image-preview:large, max-video-preview:-1\" \/>\n<link rel=\"canonical\" href=\"https:\/\/www.sommerrohouse.com\/en\/contact\/vestkantbadet-personvernerklaering\/\" \/>\n<meta property=\"og:locale\" content=\"en_US\" \/>\n<meta property=\"og:type\" content=\"article\" \/>\n<meta property=\"og:title\" content=\"Vestkantbadet - Privacy Policy | Sommerro\" \/>\n<meta property=\"og:description\" content=\"Read our privacy policy regarding Vestkantbadet at Sommerro House. Your privacy is important to us. Don&#039;t hesitate to contact us if you have any questions.\" \/>\n<meta property=\"og:url\" content=\"https:\/\/www.sommerrohouse.com\/en\/contact\/vestkantbadet-personvernerklaering\/\" \/>\n<meta property=\"og:site_name\" content=\"Sommerro\" \/>\n<meta property=\"article:modified_time\" content=\"2023-11-21T09:45:32+00:00\" \/>\n<meta name=\"twitter:card\" content=\"summary_large_image\" \/>\n<meta name=\"twitter:label1\" content=\"Est. reading time\" \/>\n\t<meta name=\"twitter:data1\" content=\"3 minutes\" \/>\n<script type=\"application\/ld+json\" class=\"yoast-schema-graph\">{\"@context\":\"https:\/\/schema.org\",\"@graph\":[{\"@type\":\"WebPage\",\"@id\":\"https:\/\/www.sommerrohouse.com\/en\/contact\/vestkantbadet-personvernerklaering\/\",\"url\":\"https:\/\/www.sommerrohouse.com\/en\/contact\/vestkantbadet-personvernerklaering\/\",\"name\":\"Vestkantbadet - Privacy Policy | Sommerro\",\"isPartOf\":{\"@id\":\"https:\/\/www.sommerrohouse.com\/#website\"},\"datePublished\":\"2022-07-29T07:00:11+00:00\",\"dateModified\":\"2023-11-21T09:45:32+00:00\",\"description\":\"Read our privacy policy regarding Vestkantbadet at Sommerro House. Your privacy is important to us. Don't hesitate to contact us if you have any questions.\",\"breadcrumb\":{\"@id\":\"https:\/\/www.sommerrohouse.com\/en\/contact\/vestkantbadet-personvernerklaering\/#breadcrumb\"},\"inLanguage\":\"en-US\",\"potentialAction\":[{\"@type\":\"ReadAction\",\"target\":[\"https:\/\/www.sommerrohouse.com\/en\/contact\/vestkantbadet-personvernerklaering\/\"]}]},{\"@type\":\"BreadcrumbList\",\"@id\":\"https:\/\/www.sommerrohouse.com\/en\/contact\/vestkantbadet-personvernerklaering\/#breadcrumb\",\"itemListElement\":[{\"@type\":\"ListItem\",\"position\":1,\"name\":\"Home\",\"item\":\"https:\/\/www.sommerrohouse.com\/en\/\"},{\"@type\":\"ListItem\",\"position\":2,\"name\":\"Contact\",\"item\":\"https:\/\/www.sommerrohouse.com\/en\/contact\/\"},{\"@type\":\"ListItem\",\"position\":3,\"name\":\"Vestkantbadet \u2013 Personvernerkl\u00e6ring\"}]},{\"@type\":\"WebSite\",\"@id\":\"https:\/\/www.sommerrohouse.com\/#website\",\"url\":\"https:\/\/www.sommerrohouse.com\/\",\"name\":\"Sommerro\",\"description\":\"Welcome to Sommerro\",\"potentialAction\":[{\"@type\":\"SearchAction\",\"target\":{\"@type\":\"EntryPoint\",\"urlTemplate\":\"https:\/\/www.sommerrohouse.com\/?s={search_term_string}\"},\"query-input\":{\"@type\":\"PropertyValueSpecification\",\"valueRequired\":true,\"valueName\":\"search_term_string\"}}],\"inLanguage\":\"en-US\"}]}<\/script>\n<!-- \/ Yoast SEO plugin. -->","yoast_head_json":{"title":"Vestkantbadet - Privacy Policy | Sommerro","description":"Read our privacy policy regarding Vestkantbadet at Sommerro House. Your privacy is important to us. Don't hesitate to contact us if you have any questions.","robots":{"index":"index","follow":"follow","max-snippet":"max-snippet:-1","max-image-preview":"max-image-preview:large","max-video-preview":"max-video-preview:-1"},"canonical":"https:\/\/www.sommerrohouse.com\/en\/contact\/vestkantbadet-personvernerklaering\/","og_locale":"en_US","og_type":"article","og_title":"Vestkantbadet - Privacy Policy | Sommerro","og_description":"Read our privacy policy regarding Vestkantbadet at Sommerro House. Your privacy is important to us. Don't hesitate to contact us if you have any questions.","og_url":"https:\/\/www.sommerrohouse.com\/en\/contact\/vestkantbadet-personvernerklaering\/","og_site_name":"Sommerro","article_modified_time":"2023-11-21T09:45:32+00:00","twitter_card":"summary_large_image","twitter_misc":{"Est. reading time":"3 minutes"},"schema":{"@context":"https:\/\/schema.org","@graph":[{"@type":"WebPage","@id":"https:\/\/www.sommerrohouse.com\/en\/contact\/vestkantbadet-personvernerklaering\/","url":"https:\/\/www.sommerrohouse.com\/en\/contact\/vestkantbadet-personvernerklaering\/","name":"Vestkantbadet - Privacy Policy | Sommerro","isPartOf":{"@id":"https:\/\/www.sommerrohouse.com\/#website"},"datePublished":"2022-07-29T07:00:11+00:00","dateModified":"2023-11-21T09:45:32+00:00","description":"Read our privacy policy regarding Vestkantbadet at Sommerro House. Your privacy is important to us. Don't hesitate to contact us if you have any questions.","breadcrumb":{"@id":"https:\/\/www.sommerrohouse.com\/en\/contact\/vestkantbadet-personvernerklaering\/#breadcrumb"},"inLanguage":"en-US","potentialAction":[{"@type":"ReadAction","target":["https:\/\/www.sommerrohouse.com\/en\/contact\/vestkantbadet-personvernerklaering\/"]}]},{"@type":"BreadcrumbList","@id":"https:\/\/www.sommerrohouse.com\/en\/contact\/vestkantbadet-personvernerklaering\/#breadcrumb","itemListElement":[{"@type":"ListItem","position":1,"name":"Home","item":"https:\/\/www.sommerrohouse.com\/en\/"},{"@type":"ListItem","position":2,"name":"Contact","item":"https:\/\/www.sommerrohouse.com\/en\/contact\/"},{"@type":"ListItem","position":3,"name":"Vestkantbadet \u2013 Personvernerkl\u00e6ring"}]},{"@type":"WebSite","@id":"https:\/\/www.sommerrohouse.com\/#website","url":"https:\/\/www.sommerrohouse.com\/","name":"Sommerro","description":"Welcome to Sommerro","potentialAction":[{"@type":"SearchAction","target":{"@type":"EntryPoint","urlTemplate":"https:\/\/www.sommerrohouse.com\/?s={search_term_string}"},"query-input":{"@type":"PropertyValueSpecification","valueRequired":true,"valueName":"search_term_string"}}],"inLanguage":"en-US"}]}},"publishpress_future_workflow_manual_trigger":{"enabledWorkflows":[]},"_links":{"self":[{"href":"https:\/\/www.sommerrohouse.com\/en\/wp-json\/wp\/v2\/pages\/16343","targetHints":{"allow":["GET"]}}],"collection":[{"href":"https:\/\/www.sommerrohouse.com\/en\/wp-json\/wp\/v2\/pages"}],"about":[{"href":"https:\/\/www.sommerrohouse.com\/en\/wp-json\/wp\/v2\/types\/page"}],"author":[{"embeddable":true,"href":"https:\/\/www.sommerrohouse.com\/en\/wp-json\/wp\/v2\/users\/4"}],"replies":[{"embeddable":true,"href":"https:\/\/www.sommerrohouse.com\/en\/wp-json\/wp\/v2\/comments?post=16343"}],"version-history":[{"count":3,"href":"https:\/\/www.sommerrohouse.com\/en\/wp-json\/wp\/v2\/pages\/16343\/revisions"}],"predecessor-version":[{"id":58446,"href":"https:\/\/www.sommerrohouse.com\/en\/wp-json\/wp\/v2\/pages\/16343\/revisions\/58446"}],"up":[{"embeddable":true,"href":"https:\/\/www.sommerrohouse.com\/en\/wp-json\/wp\/v2\/pages\/4455"}],"wp:attachment":[{"href":"https:\/\/www.sommerrohouse.com\/en\/wp-json\/wp\/v2\/media?parent=16343"}],"wp:term":[{"taxonomy":"post_tag","embeddable":true,"href":"https:\/\/www.sommerrohouse.com\/en\/wp-json\/wp\/v2\/tags?post=16343"}],"curies":[{"name":"wp","href":"https:\/\/api.w.org\/{rel}","templated":true}]}}